{"id":13468,"date":"2023-07-18T20:45:57","date_gmt":"2023-07-18T20:45:57","guid":{"rendered":"https:\/\/business.reobiztheme.com\/?page_id=13468"},"modified":"2025-07-02T09:17:01","modified_gmt":"2025-07-02T09:17:01","slug":"services","status":"publish","type":"page","link":"https:\/\/flycheng.com\/fr\/services\/","title":{"rendered":"Services"},"content":{"rendered":"<div data-elementor-type=\"wp-page\" data-elementor-id=\"13468\" class=\"elementor elementor-13468\" data-elementor-post-type=\"page\">\n\t\t\t\t\t\t<section class=\"elementor-section elementor-top-section elementor-element elementor-element-f737a26 elementor-section-stretched elementor-section-full_width elementor-section-height-default elementor-section-height-default\" data-id=\"f737a26\" data-element_type=\"section\" data-settings=\"{&quot;stretch_section&quot;:&quot;section-stretched&quot;,&quot;background_background&quot;:&quot;classic&quot;}\">\n\t\t\t\t\t\t<div class=\"elementor-container elementor-column-gap-default\">\n\t\t\t\t\t<div class=\"elementor-column elementor-col-100 elementor-top-column elementor-element elementor-element-c0449ee\" data-id=\"c0449ee\" data-element_type=\"column\">\n\t\t\t<div class=\"elementor-widget-wrap elementor-element-populated\">\n\t\t\t\t\t\t<section class=\"elementor-section elementor-inner-section elementor-element elementor-element-d2a8d37 elementor-section-boxed elementor-section-height-default elementor-section-height-default\" data-id=\"d2a8d37\" data-element_type=\"section\">\n\t\t\t\t\t\t<div class=\"elementor-container elementor-column-gap-default\">\n\t\t\t\t\t<div class=\"elementor-column elementor-col-33 elementor-inner-column elementor-element elementor-element-336f334\" data-id=\"336f334\" data-element_type=\"column\">\n\t\t\t<div class=\"elementor-widget-wrap elementor-element-populated\">\n\t\t\t\t<div class=\"elementor-element elementor-element-93ad935 e-flex e-con-boxed e-con e-parent\" data-id=\"93ad935\" data-element_type=\"container\" data-settings=\"{&quot;background_background&quot;:&quot;classic&quot;}\">\n\t\t\t\t\t<div class=\"e-con-inner\">\n\t\t\t\t<div class=\"elementor-element elementor-element-f7b80b5 elementor-position-top elementor-widget elementor-widget-image-box\" data-id=\"f7b80b5\" data-element_type=\"widget\" data-widget_type=\"image-box.default\">\n\t\t\t\t<div class=\"elementor-widget-container\">\n\t\t\t\t\t<div class=\"elementor-image-box-wrapper\"><figure class=\"elementor-image-box-img\"><img fetchpriority=\"high\" decoding=\"async\" width=\"256\" height=\"256\" src=\"https:\/\/flycheng.com\/wp-content\/uploads\/2023\/07\/profits.png\" class=\"attachment-full size-full wp-image-13771\" alt=\"\" srcset=\"https:\/\/flycheng.com\/wp-content\/uploads\/2023\/07\/profits.png 256w, https:\/\/flycheng.com\/wp-content\/uploads\/2023\/07\/profits-150x150.png 150w, https:\/\/flycheng.com\/wp-content\/uploads\/2023\/07\/profits-100x100.png 100w\" sizes=\"(max-width: 256px) 100vw, 256px\" \/><\/figure><div class=\"elementor-image-box-content\"><h3 class=\"elementor-image-box-title\">Service 24\/7<\/h3><p class=\"elementor-image-box-description\">Nous fournissons un service en ligne 24 heures sur 24 pour vous aider \u00e0 effectuer la maintenance.<\/p><\/div><\/div>\t\t\t\t<\/div>\n\t\t\t\t<\/div>\n\t\t\t\t\t<\/div>\n\t\t\t\t<\/div>\n\t\t<div class=\"elementor-element elementor-element-5ce9b2a e-flex e-con-boxed e-con e-parent\" data-id=\"5ce9b2a\" data-element_type=\"container\" data-settings=\"{&quot;background_background&quot;:&quot;classic&quot;}\">\n\t\t\t\t\t<div class=\"e-con-inner\">\n\t\t\t\t<div class=\"elementor-element elementor-element-84342ff elementor-position-top elementor-widget elementor-widget-image-box\" data-id=\"84342ff\" data-element_type=\"widget\" data-widget_type=\"image-box.default\">\n\t\t\t\t<div class=\"elementor-widget-container\">\n\t\t\t\t\t<div class=\"elementor-image-box-wrapper\"><figure class=\"elementor-image-box-img\"><img decoding=\"async\" width=\"256\" height=\"256\" src=\"https:\/\/flycheng.com\/wp-content\/uploads\/2023\/07\/shield.png\" class=\"attachment-full size-full wp-image-13773\" alt=\"\" srcset=\"https:\/\/flycheng.com\/wp-content\/uploads\/2023\/07\/shield.png 256w, https:\/\/flycheng.com\/wp-content\/uploads\/2023\/07\/shield-150x150.png 150w, https:\/\/flycheng.com\/wp-content\/uploads\/2023\/07\/shield-100x100.png 100w\" sizes=\"(max-width: 256px) 100vw, 256px\" \/><\/figure><div class=\"elementor-image-box-content\"><h3 class=\"elementor-image-box-title\">Partenaires mondiaux<\/h3><p class=\"elementor-image-box-description\">Trouvez des partenaires dans le monde entier, analysez les march\u00e9s locaux et d\u00e9veloppez votre activit\u00e9.<\/p><\/div><\/div>\t\t\t\t<\/div>\n\t\t\t\t<\/div>\n\t\t\t\t\t<\/div>\n\t\t\t\t<\/div>\n\t\t\t\t\t<\/div>\n\t\t<\/div>\n\t\t\t\t<div class=\"elementor-column elementor-col-33 elementor-inner-column elementor-element elementor-element-6dca384\" data-id=\"6dca384\" data-element_type=\"column\">\n\t\t\t<div class=\"elementor-widget-wrap elementor-element-populated\">\n\t\t\t\t<div class=\"elementor-element elementor-element-bbd5284 e-flex e-con-boxed e-con e-parent\" data-id=\"bbd5284\" data-element_type=\"container\" data-settings=\"{&quot;background_background&quot;:&quot;classic&quot;}\">\n\t\t\t\t\t<div class=\"e-con-inner\">\n\t\t\t\t<div class=\"elementor-element elementor-element-aec5b23 elementor-position-top elementor-widget elementor-widget-image-box\" data-id=\"aec5b23\" data-element_type=\"widget\" data-widget_type=\"image-box.default\">\n\t\t\t\t<div class=\"elementor-widget-container\">\n\t\t\t\t\t<div class=\"elementor-image-box-wrapper\"><figure class=\"elementor-image-box-img\"><img decoding=\"async\" width=\"256\" height=\"256\" src=\"https:\/\/flycheng.com\/wp-content\/uploads\/2023\/07\/lightbulb.png\" class=\"attachment-full size-full wp-image-13775\" alt=\"\" srcset=\"https:\/\/flycheng.com\/wp-content\/uploads\/2023\/07\/lightbulb.png 256w, https:\/\/flycheng.com\/wp-content\/uploads\/2023\/07\/lightbulb-150x150.png 150w, https:\/\/flycheng.com\/wp-content\/uploads\/2023\/07\/lightbulb-100x100.png 100w\" sizes=\"(max-width: 256px) 100vw, 256px\" \/><\/figure><div class=\"elementor-image-box-content\"><h3 class=\"elementor-image-box-title\">Pi\u00e8ces d\u00e9tach\u00e9es gratuites disponibles<\/h3><p class=\"elementor-image-box-description\">Les pi\u00e8ces de rechange couvertes par la garantie sont gratuites. Livraison rapide et stock suffisant.<\/p><\/div><\/div>\t\t\t\t<\/div>\n\t\t\t\t<\/div>\n\t\t\t\t\t<\/div>\n\t\t\t\t<\/div>\n\t\t<div class=\"elementor-element elementor-element-3b74cc8 e-flex e-con-boxed e-con e-parent\" data-id=\"3b74cc8\" data-element_type=\"container\" data-settings=\"{&quot;background_background&quot;:&quot;classic&quot;}\">\n\t\t\t\t\t<div class=\"e-con-inner\">\n\t\t\t\t<div class=\"elementor-element elementor-element-4cdf5b6 elementor-position-top elementor-widget elementor-widget-image-box\" data-id=\"4cdf5b6\" data-element_type=\"widget\" data-widget_type=\"image-box.default\">\n\t\t\t\t<div class=\"elementor-widget-container\">\n\t\t\t\t\t<div class=\"elementor-image-box-wrapper\"><figure class=\"elementor-image-box-img\"><img loading=\"lazy\" decoding=\"async\" width=\"256\" height=\"256\" src=\"https:\/\/flycheng.com\/wp-content\/uploads\/2023\/07\/vector.png\" class=\"attachment-full size-full wp-image-13777\" alt=\"\" srcset=\"https:\/\/flycheng.com\/wp-content\/uploads\/2023\/07\/vector.png 256w, https:\/\/flycheng.com\/wp-content\/uploads\/2023\/07\/vector-150x150.png 150w, https:\/\/flycheng.com\/wp-content\/uploads\/2023\/07\/vector-100x100.png 100w\" sizes=\"(max-width: 256px) 100vw, 256px\" \/><\/figure><div class=\"elementor-image-box-content\"><h3 class=\"elementor-image-box-title\">OEM Votre marque<\/h3><p class=\"elementor-image-box-description\">FlyCheng aide les nouvelles marques \u00e0 cr\u00e9er leur logo et leur design, ce qui leur permet d'\u00e9viter le risque d'investissement li\u00e9 \u00e0 la construction d'une usine.<\/p><\/div><\/div>\t\t\t\t<\/div>\n\t\t\t\t<\/div>\n\t\t\t\t\t<\/div>\n\t\t\t\t<\/div>\n\t\t\t\t\t<\/div>\n\t\t<\/div>\n\t\t\t\t<div class=\"elementor-column elementor-col-33 elementor-inner-column elementor-element elementor-element-46bc022\" data-id=\"46bc022\" data-element_type=\"column\">\n\t\t\t<div class=\"elementor-widget-wrap elementor-element-populated\">\n\t\t\t\t<div class=\"elementor-element elementor-element-f6aaa2d e-flex e-con-boxed e-con e-parent\" data-id=\"f6aaa2d\" data-element_type=\"container\" data-settings=\"{&quot;background_background&quot;:&quot;classic&quot;}\">\n\t\t\t\t\t<div class=\"e-con-inner\">\n\t\t\t\t<div class=\"elementor-element elementor-element-1b1b613 elementor-position-top elementor-widget elementor-widget-image-box\" data-id=\"1b1b613\" data-element_type=\"widget\" data-widget_type=\"image-box.default\">\n\t\t\t\t<div class=\"elementor-widget-container\">\n\t\t\t\t\t<div class=\"elementor-image-box-wrapper\"><figure class=\"elementor-image-box-img\"><img loading=\"lazy\" decoding=\"async\" width=\"256\" height=\"256\" src=\"https:\/\/flycheng.com\/wp-content\/uploads\/2023\/07\/laptop-screen.png\" class=\"attachment-full size-full wp-image-13779\" alt=\"\" srcset=\"https:\/\/flycheng.com\/wp-content\/uploads\/2023\/07\/laptop-screen.png 256w, https:\/\/flycheng.com\/wp-content\/uploads\/2023\/07\/laptop-screen-150x150.png 150w, https:\/\/flycheng.com\/wp-content\/uploads\/2023\/07\/laptop-screen-100x100.png 100w\" sizes=\"(max-width: 256px) 100vw, 256px\" \/><\/figure><div class=\"elementor-image-box-content\"><h3 class=\"elementor-image-box-title\">Soutien \u00e0 vie<\/h3><p class=\"elementor-image-box-description\">M\u00eame si l'appareil est hors garantie, certaines pi\u00e8ces sont gratuites ou factur\u00e9es au prix co\u00fbtant. Et nous fournissons des conseils \u00e0 vie.<\/p><\/div><\/div>\t\t\t\t<\/div>\n\t\t\t\t<\/div>\n\t\t\t\t\t<\/div>\n\t\t\t\t<\/div>\n\t\t<div class=\"elementor-element elementor-element-7e881c8 e-flex e-con-boxed e-con e-parent\" data-id=\"7e881c8\" data-element_type=\"container\" data-settings=\"{&quot;background_background&quot;:&quot;classic&quot;}\">\n\t\t\t\t\t<div class=\"e-con-inner\">\n\t\t\t\t<div class=\"elementor-element elementor-element-a58445d elementor-position-top elementor-widget elementor-widget-image-box\" data-id=\"a58445d\" data-element_type=\"widget\" data-widget_type=\"image-box.default\">\n\t\t\t\t<div class=\"elementor-widget-container\">\n\t\t\t\t\t<div class=\"elementor-image-box-wrapper\"><figure class=\"elementor-image-box-img\"><img loading=\"lazy\" decoding=\"async\" width=\"256\" height=\"256\" src=\"https:\/\/flycheng.com\/wp-content\/uploads\/2023\/07\/tools.png\" class=\"attachment-full size-full wp-image-13781\" alt=\"\" srcset=\"https:\/\/flycheng.com\/wp-content\/uploads\/2023\/07\/tools.png 256w, https:\/\/flycheng.com\/wp-content\/uploads\/2023\/07\/tools-150x150.png 150w, https:\/\/flycheng.com\/wp-content\/uploads\/2023\/07\/tools-100x100.png 100w\" sizes=\"(max-width: 256px) 100vw, 256px\" \/><\/figure><div class=\"elementor-image-box-content\"><h3 class=\"elementor-image-box-title\">D\u00e9douanement<\/h3><p class=\"elementor-image-box-description\">Tous les produits sont conformes aux normes internationales et peuvent \u00eatre d\u00e9douan\u00e9s sans probl\u00e8me.<\/p><\/div><\/div>\t\t\t\t<\/div>\n\t\t\t\t<\/div>\n\t\t\t\t\t<\/div>\n\t\t\t\t<\/div>\n\t\t\t\t\t<\/div>\n\t\t<\/div>\n\t\t\t\t\t<\/div>\n\t\t<\/section>\n\t\t\t\t\t<\/div>\n\t\t<\/div>\n\t\t\t\t\t<\/div>\n\t\t<\/section>\n\t\t<div class=\"elementor-element elementor-element-ab02b70 e-flex e-con-boxed e-con e-parent\" data-id=\"ab02b70\" data-element_type=\"container\">\n\t\t\t\t\t<div class=\"e-con-inner\">\n\t\t\t\t<div class=\"elementor-element elementor-element-7bf9cee elementor-widget elementor-widget-heading\" data-id=\"7bf9cee\" data-element_type=\"widget\" data-widget_type=\"heading.default\">\n\t\t\t\t<div class=\"elementor-widget-container\">\n\t\t\t\t\t<h2 class=\"elementor-heading-title elementor-size-default\">D\u00e9marrage sans effort avec un service cl\u00e9 en main<\/h2>\t\t\t\t<\/div>\n\t\t\t\t<\/div>\n\t\t\t\t\t<\/div>\n\t\t\t\t<\/div>\n\t\t<div class=\"elementor-element elementor-element-d720497 e-flex e-con-boxed e-con e-parent\" data-id=\"d720497\" data-element_type=\"container\">\n\t\t\t\t\t<div class=\"e-con-inner\">\n\t\t<div class=\"elementor-element elementor-element-48a87a1 e-con-full e-flex e-con e-child\" data-id=\"48a87a1\" data-element_type=\"container\">\n\t\t\t\t<div class=\"elementor-element elementor-element-aeb31f6 elementor-widget elementor-widget-image\" data-id=\"aeb31f6\" data-element_type=\"widget\" data-widget_type=\"image.default\">\n\t\t\t\t<div class=\"elementor-widget-container\">\n\t\t\t\t\t\t\t\t\t\t\t\t\t\t\t\t<a href=\"https:\/\/flycheng.com\/wp-content\/uploads\/2025\/05\/IMG_6096-e1751446826322.jpg\" data-elementor-open-lightbox=\"yes\" data-elementor-lightbox-title=\"IMG_6096\" data-e-action-hash=\"#elementor-action%3Aaction%3Dlightbox%26settings%3DeyJpZCI6MTYwMjIsInVybCI6Imh0dHBzOlwvXC9mbHljaGVuZy5jb21cL3dwLWNvbnRlbnRcL3VwbG9hZHNcLzIwMjVcLzA1XC9JTUdfNjA5Ni1lMTc1MTQ0NjgyNjMyMi5qcGcifQ%3D%3D\">\n\t\t\t\t\t\t\t<img loading=\"lazy\" decoding=\"async\" width=\"756\" height=\"677\" src=\"https:\/\/flycheng.com\/wp-content\/uploads\/2025\/05\/IMG_6096-e1751446826322.jpg\" class=\"attachment-full size-full wp-image-16022\" alt=\"\" srcset=\"https:\/\/flycheng.com\/wp-content\/uploads\/2025\/05\/IMG_6096-e1751446826322.jpg 756w, https:\/\/flycheng.com\/wp-content\/uploads\/2025\/05\/IMG_6096-e1751446826322-300x269.jpg 300w\" sizes=\"(max-width: 756px) 100vw, 756px\" \/>\t\t\t\t\t\t\t\t<\/a>\n\t\t\t\t\t\t\t\t\t\t\t\t\t\t\t<\/div>\n\t\t\t\t<\/div>\n\t\t\t\t<\/div>\n\t\t<div class=\"elementor-element elementor-element-4d4ead5 e-con-full e-flex e-con e-child\" data-id=\"4d4ead5\" data-element_type=\"container\" data-settings=\"{&quot;background_background&quot;:&quot;classic&quot;}\">\n\t\t<div class=\"elementor-element elementor-element-4bbd5ae e-con-full e-flex e-con e-child\" data-id=\"4bbd5ae\" data-element_type=\"container\">\n\t\t\t\t<div class=\"elementor-element elementor-element-3eb6dab elementor-widget elementor-widget-heading\" data-id=\"3eb6dab\" data-element_type=\"widget\" data-widget_type=\"heading.default\">\n\t\t\t\t<div class=\"elementor-widget-container\">\n\t\t\t\t\t<h2 class=\"elementor-heading-title elementor-size-default\">\u00c9quipement d'appariement pratique<\/h2>\t\t\t\t<\/div>\n\t\t\t\t<\/div>\n\t\t\t\t<div class=\"elementor-element elementor-element-ddbd011 elementor-widget elementor-widget-text-editor\" data-id=\"ddbd011\" data-element_type=\"widget\" data-widget_type=\"text-editor.default\">\n\t\t\t\t<div class=\"elementor-widget-container\">\n\t\t\t\t\t\t\t\t\t<p>FlyCheng comprend que les \u00e9quipements connexes peuvent faciliter le d\u00e9marrage de votre entreprise une fois que vous disposez des machines principales.\u00a0<\/p><p>Il s'agit notamment de broyeurs \u00e0 glace, de machines d'emballage, de convoyeurs, de syst\u00e8mes de stockage de la glace et bien plus encore, ce qui vous permet de disposer de tout ce dont vous avez besoin pour un d\u00e9marrage en douceur.<\/p>\t\t\t\t\t\t\t\t<\/div>\n\t\t\t\t<\/div>\n\t\t\t\t<\/div>\n\t\t\t\t<\/div>\n\t\t\t\t\t<\/div>\n\t\t\t\t<\/div>\n\t\t<div class=\"elementor-element elementor-element-7326590 e-flex e-con-boxed e-con e-parent\" data-id=\"7326590\" data-element_type=\"container\">\n\t\t\t\t\t<div class=\"e-con-inner\">\n\t\t<div class=\"elementor-element elementor-element-7199cba e-con-full e-flex e-con e-child\" data-id=\"7199cba\" data-element_type=\"container\" data-settings=\"{&quot;background_background&quot;:&quot;classic&quot;}\">\n\t\t<div class=\"elementor-element elementor-element-08ebdad e-con-full e-flex e-con e-child\" data-id=\"08ebdad\" data-element_type=\"container\">\n\t\t\t\t<div class=\"elementor-element elementor-element-01fb9af elementor-widget elementor-widget-heading\" data-id=\"01fb9af\" data-element_type=\"widget\" data-widget_type=\"heading.default\">\n\t\t\t\t<div class=\"elementor-widget-container\">\n\t\t\t\t\t<h2 class=\"elementor-heading-title elementor-size-default\">Installation sans souci et formation en ligne<\/h2>\t\t\t\t<\/div>\n\t\t\t\t<\/div>\n\t\t\t\t<div class=\"elementor-element elementor-element-6bbb76c elementor-widget elementor-widget-text-editor\" data-id=\"6bbb76c\" data-element_type=\"widget\" data-widget_type=\"text-editor.default\">\n\t\t\t\t<div class=\"elementor-widget-container\">\n\t\t\t\t\t\t\t\t\t<p>Nos machines \u00e0 gla\u00e7ons sont con\u00e7ues pour une installation facile. Il suffit de les brancher et c'est parti.\u00a0<\/p><p>Nous pouvons envoyer des ing\u00e9nieurs professionnels sur place pour l'installation et la formation pratique.\u00a0<\/p>\t\t\t\t\t\t\t\t<\/div>\n\t\t\t\t<\/div>\n\t\t\t\t<\/div>\n\t\t\t\t<\/div>\n\t\t<div class=\"elementor-element elementor-element-634bcab e-con-full e-flex e-con e-child\" data-id=\"634bcab\" data-element_type=\"container\">\n\t\t\t\t<div class=\"elementor-element elementor-element-5ef1869 elementor-widget elementor-widget-image\" data-id=\"5ef1869\" data-element_type=\"widget\" data-widget_type=\"image.default\">\n\t\t\t\t<div class=\"elementor-widget-container\">\n\t\t\t\t\t\t\t\t\t\t\t\t\t\t\t\t<a href=\"https:\/\/flycheng.com\/wp-content\/uploads\/2025\/05\/IMG_6097.jpg\" data-elementor-open-lightbox=\"yes\" data-elementor-lightbox-title=\"IMG_6097\" data-e-action-hash=\"#elementor-action%3Aaction%3Dlightbox%26settings%3DeyJpZCI6MTYwMjMsInVybCI6Imh0dHBzOlwvXC9mbHljaGVuZy5jb21cL3dwLWNvbnRlbnRcL3VwbG9hZHNcLzIwMjVcLzA1XC9JTUdfNjA5Ny5qcGcifQ%3D%3D\">\n\t\t\t\t\t\t\t<img loading=\"lazy\" decoding=\"async\" width=\"1440\" height=\"1080\" src=\"https:\/\/flycheng.com\/wp-content\/uploads\/2025\/05\/IMG_6097.jpg\" class=\"attachment-full size-full wp-image-16023\" alt=\"\" srcset=\"https:\/\/flycheng.com\/wp-content\/uploads\/2025\/05\/IMG_6097.jpg 1440w, https:\/\/flycheng.com\/wp-content\/uploads\/2025\/05\/IMG_6097-300x225.jpg 300w, https:\/\/flycheng.com\/wp-content\/uploads\/2025\/05\/IMG_6097-1024x768.jpg 1024w, https:\/\/flycheng.com\/wp-content\/uploads\/2025\/05\/IMG_6097-768x576.jpg 768w\" sizes=\"(max-width: 1440px) 100vw, 1440px\" \/>\t\t\t\t\t\t\t\t<\/a>\n\t\t\t\t\t\t\t\t\t\t\t\t\t\t\t<\/div>\n\t\t\t\t<\/div>\n\t\t\t\t<\/div>\n\t\t\t\t\t<\/div>\n\t\t\t\t<\/div>\n\t\t<div class=\"elementor-element elementor-element-1a61324 e-flex e-con-boxed e-con e-parent\" data-id=\"1a61324\" data-element_type=\"container\">\n\t\t\t\t\t<div class=\"e-con-inner\">\n\t\t<div class=\"elementor-element elementor-element-0f62a1b e-con-full e-flex e-con e-child\" data-id=\"0f62a1b\" data-element_type=\"container\">\n\t\t\t\t<div class=\"elementor-element elementor-element-e8b237f elementor-widget elementor-widget-image\" data-id=\"e8b237f\" data-element_type=\"widget\" data-widget_type=\"image.default\">\n\t\t\t\t<div class=\"elementor-widget-container\">\n\t\t\t\t\t\t\t\t\t\t\t\t\t\t\t\t<a href=\"https:\/\/flycheng.com\/wp-content\/uploads\/2025\/05\/IMG_5803-e1747663380877.jpg\" data-elementor-open-lightbox=\"yes\" data-elementor-lightbox-title=\"IMG_5803\" data-e-action-hash=\"#elementor-action%3Aaction%3Dlightbox%26settings%3DeyJpZCI6MTYwNjYsInVybCI6Imh0dHBzOlwvXC9mbHljaGVuZy5jb21cL3dwLWNvbnRlbnRcL3VwbG9hZHNcLzIwMjVcLzA1XC9JTUdfNTgwMy1lMTc0NzY2MzM4MDg3Ny5qcGcifQ%3D%3D\">\n\t\t\t\t\t\t\t<img loading=\"lazy\" decoding=\"async\" width=\"1080\" height=\"862\" src=\"https:\/\/flycheng.com\/wp-content\/uploads\/2025\/05\/IMG_5803-e1747663380877.jpg\" class=\"attachment-full size-full wp-image-16066\" alt=\"\" srcset=\"https:\/\/flycheng.com\/wp-content\/uploads\/2025\/05\/IMG_5803-e1747663380877.jpg 1080w, https:\/\/flycheng.com\/wp-content\/uploads\/2025\/05\/IMG_5803-e1747663380877-300x239.jpg 300w, https:\/\/flycheng.com\/wp-content\/uploads\/2025\/05\/IMG_5803-e1747663380877-1024x817.jpg 1024w, https:\/\/flycheng.com\/wp-content\/uploads\/2025\/05\/IMG_5803-e1747663380877-768x613.jpg 768w, https:\/\/flycheng.com\/wp-content\/uploads\/2025\/05\/IMG_5803-e1747663380877-340x270.jpg 340w\" sizes=\"(max-width: 1080px) 100vw, 1080px\" \/>\t\t\t\t\t\t\t\t<\/a>\n\t\t\t\t\t\t\t\t\t\t\t\t\t\t\t<\/div>\n\t\t\t\t<\/div>\n\t\t\t\t<\/div>\n\t\t<div class=\"elementor-element elementor-element-45d98d4 e-con-full e-flex e-con e-child\" data-id=\"45d98d4\" data-element_type=\"container\" data-settings=\"{&quot;background_background&quot;:&quot;classic&quot;}\">\n\t\t<div class=\"elementor-element elementor-element-22d6dd1 e-con-full e-flex e-con e-child\" data-id=\"22d6dd1\" data-element_type=\"container\">\n\t\t\t\t<div class=\"elementor-element elementor-element-3f9254b elementor-widget elementor-widget-heading\" data-id=\"3f9254b\" data-element_type=\"widget\" data-widget_type=\"heading.default\">\n\t\t\t\t<div class=\"elementor-widget-container\">\n\t\t\t\t\t<h2 class=\"elementor-heading-title elementor-size-default\">Inspection de la qualit\u00e9 avant l'exp\u00e9dition<\/h2>\t\t\t\t<\/div>\n\t\t\t\t<\/div>\n\t\t\t\t<div class=\"elementor-element elementor-element-9ba90b0 elementor-widget elementor-widget-text-editor\" data-id=\"9ba90b0\" data-element_type=\"widget\" data-widget_type=\"text-editor.default\">\n\t\t\t\t<div class=\"elementor-widget-container\">\n\t\t\t\t\t\t\t\t\t<p>Nos machines \u00e0 glace commerciales et industrielles sont soumises \u00e0 des tests rigoureux, ayant \u00e9t\u00e9 inspect\u00e9es des centaines de fois, et sont certifi\u00e9es CE, ce qui garantit une qualit\u00e9 s\u00fbre et fiable. L'ext\u00e9rieur des machines est enti\u00e8rement construit en acier inoxydable, ce qui les rend durables et adapt\u00e9es \u00e0 un large \u00e9ventail d'environnements difficiles.<\/p>\t\t\t\t\t\t\t\t<\/div>\n\t\t\t\t<\/div>\n\t\t\t\t<\/div>\n\t\t\t\t<\/div>\n\t\t\t\t\t<\/div>\n\t\t\t\t<\/div>\n\t\t<div class=\"elementor-element elementor-element-d71cb1b e-flex e-con-boxed e-con e-parent\" data-id=\"d71cb1b\" data-element_type=\"container\">\n\t\t\t\t\t<div class=\"e-con-inner\">\n\t\t<div class=\"elementor-element elementor-element-e5087f4 e-con-full e-flex e-con e-child\" data-id=\"e5087f4\" data-element_type=\"container\" data-settings=\"{&quot;background_background&quot;:&quot;classic&quot;}\">\n\t\t<div class=\"elementor-element elementor-element-ee5e79b e-con-full e-flex e-con e-child\" data-id=\"ee5e79b\" data-element_type=\"container\">\n\t\t\t\t<div class=\"elementor-element elementor-element-0fbde20 elementor-widget elementor-widget-heading\" data-id=\"0fbde20\" data-element_type=\"widget\" data-widget_type=\"heading.default\">\n\t\t\t\t<div class=\"elementor-widget-container\">\n\t\t\t\t\t<h2 class=\"elementor-heading-title elementor-size-default\">Une coop\u00e9ration logistique stable<\/h2>\t\t\t\t<\/div>\n\t\t\t\t<\/div>\n\t\t\t\t<div class=\"elementor-element elementor-element-817008c elementor-widget elementor-widget-text-editor\" data-id=\"817008c\" data-element_type=\"widget\" data-widget_type=\"text-editor.default\">\n\t\t\t\t<div class=\"elementor-widget-container\">\n\t\t\t\t\t\t\t\t\t<p>FlyCheng utilise des bo\u00eetes solides pour l'emballage, avec un film plastique \u00e0 l'int\u00e9rieur et de la mousse \u00e9ponge dans les interstices pour \u00e9viter d'endommager la machine.<\/p><p>Si vous avez des probl\u00e8mes de d\u00e9douanement, nous pouvons \u00e9galement vous aider \u00e0 les r\u00e9soudre.<\/p>\t\t\t\t\t\t\t\t<\/div>\n\t\t\t\t<\/div>\n\t\t\t\t<\/div>\n\t\t\t\t<\/div>\n\t\t<div class=\"elementor-element elementor-element-7a500de e-con-full e-flex e-con e-child\" data-id=\"7a500de\" data-element_type=\"container\">\n\t\t\t\t<div class=\"elementor-element elementor-element-52ec535 elementor-widget elementor-widget-image\" data-id=\"52ec535\" data-element_type=\"widget\" data-widget_type=\"image.default\">\n\t\t\t\t<div class=\"elementor-widget-container\">\n\t\t\t\t\t\t\t\t\t\t\t\t\t\t\t\t<a href=\"https:\/\/flycheng.com\/wp-content\/uploads\/2025\/05\/IMG_5566-e1751446859406.jpg\" data-elementor-open-lightbox=\"yes\" data-elementor-lightbox-title=\"IMG_5566\" data-e-action-hash=\"#elementor-action%3Aaction%3Dlightbox%26settings%3DeyJpZCI6MTYwNjMsInVybCI6Imh0dHBzOlwvXC9mbHljaGVuZy5jb21cL3dwLWNvbnRlbnRcL3VwbG9hZHNcLzIwMjVcLzA1XC9JTUdfNTU2Ni1lMTc1MTQ0Njg1OTQwNi5qcGcifQ%3D%3D\">\n\t\t\t\t\t\t\t<img loading=\"lazy\" decoding=\"async\" width=\"666\" height=\"577\" src=\"https:\/\/flycheng.com\/wp-content\/uploads\/2025\/05\/IMG_5566-e1751446859406.jpg\" class=\"attachment-full size-full wp-image-16063\" alt=\"\" srcset=\"https:\/\/flycheng.com\/wp-content\/uploads\/2025\/05\/IMG_5566-e1751446859406.jpg 666w, https:\/\/flycheng.com\/wp-content\/uploads\/2025\/05\/IMG_5566-e1751446859406-300x260.jpg 300w, https:\/\/flycheng.com\/wp-content\/uploads\/2025\/05\/IMG_5566-e1751446859406-80x68.jpg 80w\" sizes=\"(max-width: 666px) 100vw, 666px\" \/>\t\t\t\t\t\t\t\t<\/a>\n\t\t\t\t\t\t\t\t\t\t\t\t\t\t\t<\/div>\n\t\t\t\t<\/div>\n\t\t\t\t<\/div>\n\t\t\t\t\t<\/div>\n\t\t\t\t<\/div>\n\t\t\t\t<\/div>","protected":false},"excerpt":{"rendered":"<p>24\/7 Service We provide 24-hour online service to guide you do the maintenance Global Partners Find partners worldwide, analyze local markets, and expand your business. Free Parts Available Replacement parts covered under warranty are free of charge. Fast delivery and sufficient stock. OEM Your Brand FlyCheng helps new brand to make their logo and design,&#8230;<\/p>","protected":false},"author":1,"featured_media":0,"parent":0,"menu_order":9,"comment_status":"closed","ping_status":"closed","template":"","meta":{"_acf_changed":false,"footnotes":""},"class_list":["post-13468","page","type-page","status-publish","hentry"],"acf":[],"_links":{"self":[{"href":"https:\/\/flycheng.com\/fr\/wp-json\/wp\/v2\/pages\/13468","targetHints":{"allow":["GET"]}}],"collection":[{"href":"https:\/\/flycheng.com\/fr\/wp-json\/wp\/v2\/pages"}],"about":[{"href":"https:\/\/flycheng.com\/fr\/wp-json\/wp\/v2\/types\/page"}],"author":[{"embeddable":true,"href":"https:\/\/flycheng.com\/fr\/wp-json\/wp\/v2\/users\/1"}],"replies":[{"embeddable":true,"href":"https:\/\/flycheng.com\/fr\/wp-json\/wp\/v2\/comments?post=13468"}],"version-history":[{"count":93,"href":"https:\/\/flycheng.com\/fr\/wp-json\/wp\/v2\/pages\/13468\/revisions"}],"predecessor-version":[{"id":16367,"href":"https:\/\/flycheng.com\/fr\/wp-json\/wp\/v2\/pages\/13468\/revisions\/16367"}],"wp:attachment":[{"href":"https:\/\/flycheng.com\/fr\/wp-json\/wp\/v2\/media?parent=13468"}],"curies":[{"name":"wp","href":"https:\/\/api.w.org\/{rel}","templated":true}]}}