{"id":13441,"date":"2023-07-18T20:41:17","date_gmt":"2023-07-18T20:41:17","guid":{"rendered":"https:\/\/business.reobiztheme.com\/?page_id=13441"},"modified":"2025-03-06T03:51:48","modified_gmt":"2025-03-06T03:51:48","slug":"about","status":"publish","type":"page","link":"https:\/\/flycheng.com\/fr\/about\/","title":{"rendered":"A propos de"},"content":{"rendered":"<div data-elementor-type=\"wp-page\" data-elementor-id=\"13441\" class=\"elementor elementor-13441\" data-elementor-post-type=\"page\">\n\t\t\t\t\t\t<section class=\"elementor-section elementor-top-section elementor-element elementor-element-92df54c elementor-section-full_width elementor-section-stretched elementor-section-height-default elementor-section-height-default\" data-id=\"92df54c\" data-element_type=\"section\" data-e-type=\"section\" data-settings=\"{&quot;stretch_section&quot;:&quot;section-stretched&quot;,&quot;background_background&quot;:&quot;classic&quot;}\">\n\t\t\t\t\t\t<div class=\"elementor-container elementor-column-gap-default\">\n\t\t\t\t\t<div class=\"elementor-column elementor-col-100 elementor-top-column elementor-element elementor-element-008c25d\" data-id=\"008c25d\" data-element_type=\"column\" data-e-type=\"column\">\n\t\t\t<div class=\"elementor-widget-wrap elementor-element-populated\">\n\t\t\t\t\t\t<section class=\"elementor-section elementor-inner-section elementor-element elementor-element-20d2ef6 elementor-section-content-middle elementor-section-boxed elementor-section-height-default elementor-section-height-default\" data-id=\"20d2ef6\" data-element_type=\"section\" data-e-type=\"section\">\n\t\t\t\t\t\t<div class=\"elementor-container elementor-column-gap-default\">\n\t\t\t\t\t<div class=\"elementor-column elementor-col-50 elementor-inner-column elementor-element elementor-element-b59d752\" data-id=\"b59d752\" data-element_type=\"column\" data-e-type=\"column\">\n\t\t\t<div class=\"elementor-widget-wrap elementor-element-populated\">\n\t\t\t\t\t\t<div class=\"elementor-element elementor-element-1ac8197 elementor-widget elementor-widget-rs-video\" data-id=\"1ac8197\" data-element_type=\"widget\" data-e-type=\"widget\" data-widget_type=\"rs-video.default\">\n\t\t\t\t<div class=\"elementor-widget-container\">\n\t\t\t\t\t  \t\t<div class=\"rs-video video-item-1004 center style1\" >\r\n\r\n\r\n   \t\t\t\t\t\r\n  \t\t\t\t\t\t<div class=\"overly-border\">\r\n\t\t\t\t\t\t    <a class=\"popup-videos\" href=\"#\">\r\n\t\t\t\t\t\t\t\t<i class=\"fa fa-play\"><\/i>\r\n\t\t\t\t\t\t\t<\/a>\r\n\t\t\t\t\t\t<\/div>\r\n\r\n\t\t\t\t    \t\t\t\t    \t<div class=\"video-desc\">\r\n\t\t\t\t    \t\tAjoutez ici la description de votre vid\u00e9o\t\t\t\t    \t<\/div>\r\n\t\t\t\t    \r\n\t\t\t\t\r\n\t\t\t\t  \r\n\t\t\t\t    \r\n\t\t\t<\/div>\t\r\n\r\n\r\n\t\t<script type=\"text\/javascript\">\t\t\t\r\n\t\t\tjQuery(document).ready(function(){\r\n\t\t\t\tjQuery('.popup-videos').magnificPopup({\r\n\t\t\t        disableOn: 10,\r\n\t\t\t        type: 'iframe',\r\n\t\t\t        mainClass: 'mfp-fade',\r\n\t\t\t        removalDelay: 160,\r\n\t\t\t        preloader: false,\r\n\r\n\t\t\t        fixedContentPos: false\r\n\t\t\t    }); \r\n\t\t\t});\r\n\t\t<\/script>\r\n    \r\n\t\t\t\t<\/div>\n\t\t\t\t<\/div>\n\t\t\t\t\t<\/div>\n\t\t<\/div>\n\t\t\t\t<div class=\"elementor-column elementor-col-50 elementor-inner-column elementor-element elementor-element-0ebbd1d\" data-id=\"0ebbd1d\" data-element_type=\"column\" data-e-type=\"column\">\n\t\t\t<div class=\"elementor-widget-wrap elementor-element-populated\">\n\t\t\t\t\t\t<div class=\"elementor-element elementor-element-4838d42 elementor-widget elementor-widget-prelements-gradient-heading\" data-id=\"4838d42\" data-element_type=\"widget\" data-e-type=\"widget\" data-widget_type=\"prelements-gradient-heading.default\">\n\t\t\t\t<div class=\"elementor-widget-container\">\n\t\t\t\t\t        <div class=\"prelements-gradient-heading  left\">\r\n        \t<div class=\"title-inner\">\t\t\r\n\t            <span class=\"subtitle\">A propos de nous<\/span><h2 class=\"title\">Fournisseur unique d'\u00e9quipements de r\u00e9frig\u00e9ration commerciale<\/h2>\t        <\/div>\r\n\t                    \t<div class=\"description\">\r\n            \t\t<p>FlyCheng dispose d'une importante \u00e9quipe de R&amp;D et de production, qui peut fabriquer des produits personnalis\u00e9s ou standard en fonction des besoins des diff\u00e9rents clients. Elle peut \u00e9galement accepter des demandes de produits sous la forme d'OEM et fournir des produits \u00e0 divers clients.<\/p>            \t<\/div>\r\n        \t\t\r\n        <\/div>\r\n     \r\n \t\t\t\t<\/div>\n\t\t\t\t<\/div>\n\t\t\t\t\t<\/div>\n\t\t<\/div>\n\t\t\t\t\t<\/div>\n\t\t<\/section>\n\t\t\t\t\t<\/div>\n\t\t<\/div>\n\t\t\t\t\t<\/div>\n\t\t<\/section>\n\t\t\t\t<section class=\"elementor-section elementor-top-section elementor-element elementor-element-49ac303 elementor-section-full_width elementor-section-stretched elementor-section-height-default elementor-section-height-default\" data-id=\"49ac303\" data-element_type=\"section\" data-e-type=\"section\" data-settings=\"{&quot;stretch_section&quot;:&quot;section-stretched&quot;,&quot;background_background&quot;:&quot;classic&quot;}\">\n\t\t\t\t\t\t<div class=\"elementor-container elementor-column-gap-default\">\n\t\t\t\t\t<div class=\"elementor-column elementor-col-100 elementor-top-column elementor-element elementor-element-6651714\" data-id=\"6651714\" data-element_type=\"column\" data-e-type=\"column\">\n\t\t\t<div class=\"elementor-widget-wrap elementor-element-populated\">\n\t\t\t\t\t\t<section class=\"elementor-section elementor-inner-section elementor-element elementor-element-554d2cf elementor-section-content-middle elementor-section-boxed elementor-section-height-default elementor-section-height-default\" data-id=\"554d2cf\" data-element_type=\"section\" data-e-type=\"section\">\n\t\t\t\t\t\t<div class=\"elementor-container elementor-column-gap-default\">\n\t\t\t\t\t<div class=\"elementor-column elementor-col-50 elementor-inner-column elementor-element elementor-element-58dedb3\" data-id=\"58dedb3\" data-element_type=\"column\" data-e-type=\"column\">\n\t\t\t<div class=\"elementor-widget-wrap elementor-element-populated\">\n\t\t\t\t\t\t<div class=\"elementor-element elementor-element-0306b73 elementor-widget elementor-widget-prelements-gradient-heading\" data-id=\"0306b73\" data-element_type=\"widget\" data-e-type=\"widget\" data-widget_type=\"prelements-gradient-heading.default\">\n\t\t\t\t<div class=\"elementor-widget-container\">\n\t\t\t\t\t        <div class=\"prelements-gradient-heading  left\">\r\n        \t<div class=\"title-inner\">\t\t\r\n\t            <h2 class=\"title\">Efforts en mati\u00e8re de d\u00e9veloppement durable et d'environnement<\/h2>\t        <\/div>\r\n\t                    \t<div class=\"description\">\r\n            \t\t<p>En tant que fabricant fiable de machines \u00e0 glace, Koller s'engage \u00e0 assumer sa responsabilit\u00e9 sociale.<br \/>Le r\u00e9frig\u00e9rant (R404A\/R507\/R449\/) utilis\u00e9 dans toutes nos machines ne nuit pas \u00e0 l'appauvrissement de la couche d'ozone, \u00e0 l'effet de serre et au r\u00e9chauffement de la plan\u00e8te.<br \/>En plus de vous proposer des machines efficaces et de qualit\u00e9, nous nous engageons \u00e0 respecter l'environnement. Par exemple, nos machines \u00e0 glace sont con\u00e7ues avec un syst\u00e8me de recyclage de l'eau pour \u00e9conomiser l'eau courante sans la gaspiller.<\/p>            \t<\/div>\r\n        \t\t\r\n        <\/div>\r\n     \r\n \t\t\t\t<\/div>\n\t\t\t\t<\/div>\n\t\t\t\t\t<\/div>\n\t\t<\/div>\n\t\t\t\t<div class=\"elementor-column elementor-col-50 elementor-inner-column elementor-element elementor-element-0227546\" data-id=\"0227546\" data-element_type=\"column\" data-e-type=\"column\">\n\t\t\t<div class=\"elementor-widget-wrap elementor-element-populated\">\n\t\t\t\t\t\t<div class=\"elementor-element elementor-element-1129038 elementor-widget elementor-widget-image\" data-id=\"1129038\" data-element_type=\"widget\" data-e-type=\"widget\" data-widget_type=\"image.default\">\n\t\t\t\t<div class=\"elementor-widget-container\">\n\t\t\t\t\t\t\t\t\t\t\t\t\t\t\t<img fetchpriority=\"high\" decoding=\"async\" width=\"640\" height=\"640\" src=\"https:\/\/flycheng.com\/wp-content\/uploads\/2025\/03\/\u5fae\u4fe1\u56fe\u7247_20250304152337-1-1024x1024.jpg\" class=\"attachment-large size-large wp-image-14125\" alt=\"\" srcset=\"https:\/\/flycheng.com\/wp-content\/uploads\/2025\/03\/\u5fae\u4fe1\u56fe\u7247_20250304152337-1-1024x1024.jpg 1024w, https:\/\/flycheng.com\/wp-content\/uploads\/2025\/03\/\u5fae\u4fe1\u56fe\u7247_20250304152337-1-300x300.jpg 300w, https:\/\/flycheng.com\/wp-content\/uploads\/2025\/03\/\u5fae\u4fe1\u56fe\u7247_20250304152337-1-150x150.jpg 150w, https:\/\/flycheng.com\/wp-content\/uploads\/2025\/03\/\u5fae\u4fe1\u56fe\u7247_20250304152337-1-768x768.jpg 768w, https:\/\/flycheng.com\/wp-content\/uploads\/2025\/03\/elementor\/thumbs\/\u5fae\u4fe1\u56fe\u7247_20250304152337-1-r2crjrnjpvm32eynqtwaieo15nx7pwpy8qlvesq9vs.jpg 500w, https:\/\/flycheng.com\/wp-content\/uploads\/2025\/03\/\u5fae\u4fe1\u56fe\u7247_20250304152337-1-600x600.jpg 600w, https:\/\/flycheng.com\/wp-content\/uploads\/2025\/03\/\u5fae\u4fe1\u56fe\u7247_20250304152337-1-100x100.jpg 100w, https:\/\/flycheng.com\/wp-content\/uploads\/2025\/03\/\u5fae\u4fe1\u56fe\u7247_20250304152337-1.jpg 1080w\" sizes=\"(max-width: 640px) 100vw, 640px\" \/>\t\t\t\t\t\t\t\t\t\t\t\t\t\t\t<\/div>\n\t\t\t\t<\/div>\n\t\t\t\t\t<\/div>\n\t\t<\/div>\n\t\t\t\t\t<\/div>\n\t\t<\/section>\n\t\t\t\t\t<\/div>\n\t\t<\/div>\n\t\t\t\t\t<\/div>\n\t\t<\/section>\n\t\t<div class=\"elementor-element elementor-element-6d4f6ca e-con-full e-flex e-con e-parent\" data-id=\"6d4f6ca\" data-element_type=\"container\" data-e-type=\"container\" data-settings=\"{&quot;background_background&quot;:&quot;classic&quot;}\">\n\t\t<div class=\"elementor-element elementor-element-2e380b0 e-con-full e-flex e-con e-child\" data-id=\"2e380b0\" data-element_type=\"container\" data-e-type=\"container\">\n\t\t\t\t<div class=\"elementor-element elementor-element-18cdbd7 elementor-widget elementor-widget-prelements-gradient-heading\" data-id=\"18cdbd7\" data-element_type=\"widget\" data-e-type=\"widget\" data-widget_type=\"prelements-gradient-heading.default\">\n\t\t\t\t<div class=\"elementor-widget-container\">\n\t\t\t\t\t        <div class=\"prelements-gradient-heading  left\">\r\n        \t<div class=\"title-inner\">\t\t\r\n\t            <h4 class=\"title\">Des capacit\u00e9s de production importantes<\/h4>\t        <\/div>\r\n\t                    \t<div class=\"description\">\r\n            \t\t<p>Au fil des ann\u00e9es, Koller a cr\u00e9\u00e9 plus d'espace et modernis\u00e9 ses installations de production pour garantir une qualit\u00e9 irr\u00e9prochable.<\/p>            \t<\/div>\r\n        \t\t\r\n        <\/div>\r\n     \r\n \t\t\t\t<\/div>\n\t\t\t\t<\/div>\n\t\t\t\t<\/div>\n\t\t<div class=\"elementor-element elementor-element-dad0d55 e-con-full e-flex e-con e-child\" data-id=\"dad0d55\" data-element_type=\"container\" data-e-type=\"container\">\n\t\t<div class=\"elementor-element elementor-element-70ac169 e-con-full e-flex e-con e-child\" data-id=\"70ac169\" data-element_type=\"container\" data-e-type=\"container\">\n\t\t\t\t<div class=\"elementor-element elementor-element-4063ef6 elementor-widget elementor-widget-counter\" data-id=\"4063ef6\" data-element_type=\"widget\" data-e-type=\"widget\" data-widget_type=\"counter.default\">\n\t\t\t\t<div class=\"elementor-widget-container\">\n\t\t\t\t\t\t\t<div class=\"elementor-counter\">\n\t\t\t<div class=\"elementor-counter-title\">Taille de l'usine<\/div>\t\t\t<div class=\"elementor-counter-number-wrapper\">\n\t\t\t\t<span class=\"elementor-counter-number-prefix\"><\/span>\n\t\t\t\t<span class=\"elementor-counter-number\" data-duration=\"2000\" data-to-value=\"30000\" data-from-value=\"0\" data-delimiter=\",\">0<\/span>\n\t\t\t\t<span class=\"elementor-counter-number-suffix\">\u33a1<\/span>\n\t\t\t<\/div>\n\t\t<\/div>\n\t\t\t\t\t\t<\/div>\n\t\t\t\t<\/div>\n\t\t\t\t<\/div>\n\t\t<div class=\"elementor-element elementor-element-e3abd99 e-con-full e-flex e-con e-child\" data-id=\"e3abd99\" data-element_type=\"container\" data-e-type=\"container\">\n\t\t\t\t<div class=\"elementor-element elementor-element-db44a12 elementor-widget elementor-widget-counter\" data-id=\"db44a12\" data-element_type=\"widget\" data-e-type=\"widget\" data-widget_type=\"counter.default\">\n\t\t\t\t<div class=\"elementor-widget-container\">\n\t\t\t\t\t\t\t<div class=\"elementor-counter\">\n\t\t\t<div class=\"elementor-counter-title\">Pays desservis<\/div>\t\t\t<div class=\"elementor-counter-number-wrapper\">\n\t\t\t\t<span class=\"elementor-counter-number-prefix\"><\/span>\n\t\t\t\t<span class=\"elementor-counter-number\" data-duration=\"2000\" data-to-value=\"180\" data-from-value=\"0\" data-delimiter=\",\">0<\/span>\n\t\t\t\t<span class=\"elementor-counter-number-suffix\">+<\/span>\n\t\t\t<\/div>\n\t\t<\/div>\n\t\t\t\t\t\t<\/div>\n\t\t\t\t<\/div>\n\t\t\t\t<\/div>\n\t\t<div class=\"elementor-element elementor-element-d40a28f e-con-full e-flex e-con e-child\" data-id=\"d40a28f\" data-element_type=\"container\" data-e-type=\"container\">\n\t\t\t\t<div class=\"elementor-element elementor-element-8b87399 elementor-widget elementor-widget-counter\" data-id=\"8b87399\" data-element_type=\"widget\" data-e-type=\"widget\" data-widget_type=\"counter.default\">\n\t\t\t\t<div class=\"elementor-widget-container\">\n\t\t\t\t\t\t\t<div class=\"elementor-counter\">\n\t\t\t<div class=\"elementor-counter-title\">Personnel Montant<\/div>\t\t\t<div class=\"elementor-counter-number-wrapper\">\n\t\t\t\t<span class=\"elementor-counter-number-prefix\"><\/span>\n\t\t\t\t<span class=\"elementor-counter-number\" data-duration=\"2000\" data-to-value=\"300\" data-from-value=\"0\" data-delimiter=\",\">0<\/span>\n\t\t\t\t<span class=\"elementor-counter-number-suffix\"><\/span>\n\t\t\t<\/div>\n\t\t<\/div>\n\t\t\t\t\t\t<\/div>\n\t\t\t\t<\/div>\n\t\t\t\t<\/div>\n\t\t<div class=\"elementor-element elementor-element-35fe524 e-con-full e-flex e-con e-child\" data-id=\"35fe524\" data-element_type=\"container\" data-e-type=\"container\">\n\t\t\t\t<div class=\"elementor-element elementor-element-fc0f793 elementor-widget elementor-widget-counter\" data-id=\"fc0f793\" data-element_type=\"widget\" data-e-type=\"widget\" data-widget_type=\"counter.default\">\n\t\t\t\t<div class=\"elementor-widget-container\">\n\t\t\t\t\t\t\t<div class=\"elementor-counter\">\n\t\t\t<div class=\"elementor-counter-title\">Unit\u00e9s annuelles Taille<\/div>\t\t\t<div class=\"elementor-counter-number-wrapper\">\n\t\t\t\t<span class=\"elementor-counter-number-prefix\"><\/span>\n\t\t\t\t<span class=\"elementor-counter-number\" data-duration=\"2000\" data-to-value=\"1200\" data-from-value=\"0\" data-delimiter=\",\">0<\/span>\n\t\t\t\t<span class=\"elementor-counter-number-suffix\">+<\/span>\n\t\t\t<\/div>\n\t\t<\/div>\n\t\t\t\t\t\t<\/div>\n\t\t\t\t<\/div>\n\t\t\t\t<\/div>\n\t\t\t\t<\/div>\n\t\t\t\t<\/div>\n\t\t<div class=\"elementor-element elementor-element-e081baa e-flex e-con-boxed e-con e-parent\" data-id=\"e081baa\" data-element_type=\"container\" data-e-type=\"container\">\n\t\t\t\t\t<div class=\"e-con-inner\">\n\t\t<div class=\"elementor-element elementor-element-e2b4f60 e-con-full e-flex e-con e-child\" data-id=\"e2b4f60\" data-element_type=\"container\" data-e-type=\"container\">\n\t\t\t\t<div class=\"elementor-element elementor-element-ac960df elementor-widget elementor-widget-prelements-gradient-heading\" data-id=\"ac960df\" data-element_type=\"widget\" data-e-type=\"widget\" data-widget_type=\"prelements-gradient-heading.default\">\n\t\t\t\t<div class=\"elementor-widget-container\">\n\t\t\t\t\t        <div class=\"prelements-gradient-heading  left\">\r\n        \t<div class=\"title-inner\">\t\t\r\n\t            <h2 class=\"title\">Certification<\/h2>\t        <\/div>\r\n\t                    \t<div class=\"description\">\r\n            \t\t<p>Conform\u00e9ment aux normes internationales, Koller met toujours l'accent sur la qualit\u00e9 des machines, la s\u00e9curit\u00e9 au travail et la protection de l'environnement.<\/p>            \t<\/div>\r\n        \t\t\r\n        <\/div>\r\n     \r\n \t\t\t\t<\/div>\n\t\t\t\t<\/div>\n\t\t\t\t<\/div>\n\t\t<div class=\"elementor-element elementor-element-f6920ab e-con-full e-flex e-con e-child\" data-id=\"f6920ab\" data-element_type=\"container\" data-e-type=\"container\">\n\t\t\t\t<div class=\"elementor-element elementor-element-863cf58 elementor-arrows-position-outside elementor-pagination-position-outside elementor-widget elementor-widget-image-carousel\" data-id=\"863cf58\" data-element_type=\"widget\" data-e-type=\"widget\" data-settings=\"{&quot;slides_to_show&quot;:&quot;4&quot;,&quot;slides_to_scroll&quot;:&quot;1&quot;,&quot;navigation&quot;:&quot;both&quot;,&quot;autoplay&quot;:&quot;yes&quot;,&quot;pause_on_hover&quot;:&quot;yes&quot;,&quot;pause_on_interaction&quot;:&quot;yes&quot;,&quot;autoplay_speed&quot;:5000,&quot;infinite&quot;:&quot;yes&quot;,&quot;speed&quot;:500}\" data-widget_type=\"image-carousel.default\">\n\t\t\t\t<div class=\"elementor-widget-container\">\n\t\t\t\t\t\t\t<div class=\"elementor-image-carousel-wrapper swiper\" role=\"region\" aria-roledescription=\"carousel\" aria-label=\"Carrousel d&#039;images\" dir=\"ltr\">\n\t\t\t<div class=\"elementor-image-carousel swiper-wrapper\" aria-live=\"off\">\n\t\t\t\t\t\t\t\t<div class=\"swiper-slide\" role=\"group\" aria-roledescription=\"slide\" aria-label=\"1 de 5\" data-no-translation-aria-label=\"\"><figure class=\"swiper-slide-inner\"><img decoding=\"async\" class=\"swiper-slide-image\" src=\"https:\/\/flycheng.com\/wp-content\/uploads\/2025\/03\/P06_CE-pygwxhxnbkg5khx6oohekg4ji3167dhiqhmqgz4rqo.webp\" alt=\"P06_CE-pygwxhxnbkg5khx6oohekg4ji3167dhiqhmqgz4rqo\" \/><\/figure><\/div><div class=\"swiper-slide\" role=\"group\" aria-roledescription=\"slide\" aria-label=\"2 de 5\" data-no-translation-aria-label=\"\"><figure class=\"swiper-slide-inner\"><img decoding=\"async\" class=\"swiper-slide-image\" src=\"https:\/\/flycheng.com\/wp-content\/uploads\/2025\/03\/S02_Tube2.webp\" alt=\"S02_Tube2\" \/><\/figure><\/div><div class=\"swiper-slide\" role=\"group\" aria-roledescription=\"slide\" aria-label=\"3 de 5\" data-no-translation-aria-label=\"\"><figure class=\"swiper-slide-inner\"><img decoding=\"async\" class=\"swiper-slide-image\" src=\"https:\/\/flycheng.com\/wp-content\/uploads\/2023\/07\/1-2.jpg\" alt=\"1-2.jpg\" \/><\/figure><\/div><div class=\"swiper-slide\" role=\"group\" aria-roledescription=\"slide\" aria-label=\"4 de 5\" data-no-translation-aria-label=\"\"><figure class=\"swiper-slide-inner\"><img decoding=\"async\" class=\"swiper-slide-image\" src=\"https:\/\/flycheng.com\/wp-content\/uploads\/2023\/07\/2-2.jpg\" alt=\"\" \/><\/figure><\/div><div class=\"swiper-slide\" role=\"group\" aria-roledescription=\"slide\" aria-label=\"5 de 5\" data-no-translation-aria-label=\"\"><figure class=\"swiper-slide-inner\"><img decoding=\"async\" class=\"swiper-slide-image\" src=\"https:\/\/flycheng.com\/wp-content\/uploads\/2023\/07\/7.jpg\" alt=\"\" \/><\/figure><\/div>\t\t\t<\/div>\n\t\t\t\t\t\t\t\t\t\t\t\t<div class=\"elementor-swiper-button elementor-swiper-button-prev\" role=\"button\" tabindex=\"0\">\n\t\t\t\t\t\t<svg aria-hidden=\"true\" class=\"e-font-icon-svg e-eicon-chevron-left\" viewbox=\"0 0 1000 1000\" xmlns=\"http:\/\/www.w3.org\/2000\/svg\"><path d=\"M646 125C629 125 613 133 604 142L308 442C296 454 292 471 292 487 292 504 296 521 308 533L604 854C617 867 629 875 646 875 663 875 679 871 692 858 704 846 713 829 713 812 713 796 708 779 692 767L438 487 692 225C700 217 708 204 708 187 708 171 704 154 692 142 675 129 663 125 646 125Z\"><\/path><\/svg>\t\t\t\t\t<\/div>\n\t\t\t\t\t<div class=\"elementor-swiper-button elementor-swiper-button-next\" role=\"button\" tabindex=\"0\">\n\t\t\t\t\t\t<svg aria-hidden=\"true\" class=\"e-font-icon-svg e-eicon-chevron-right\" viewbox=\"0 0 1000 1000\" xmlns=\"http:\/\/www.w3.org\/2000\/svg\"><path d=\"M696 533C708 521 713 504 713 487 713 471 708 454 696 446L400 146C388 133 375 125 354 125 338 125 325 129 313 142 300 154 292 171 292 187 292 204 296 221 308 233L563 492 304 771C292 783 288 800 288 817 288 833 296 850 308 863 321 871 338 875 354 875 371 875 388 867 400 854L696 533Z\"><\/path><\/svg>\t\t\t\t\t<\/div>\n\t\t\t\t\n\t\t\t\t\t\t\t\t\t<div class=\"swiper-pagination\"><\/div>\n\t\t\t\t\t\t\t\t\t<\/div>\n\t\t\t\t\t\t<\/div>\n\t\t\t\t<\/div>\n\t\t\t\t<\/div>\n\t\t\t\t\t<\/div>\n\t\t\t\t<\/div>\n\t\t\t\t<\/div>","protected":false},"excerpt":{"rendered":"<p>Add your video description here About Us One-stop commercial refrigeration equipment service provider FlyCheng has\u00a0a large R&amp;D\u00a0and\u00a0production team, which can produce customized or standard products according to the needs of different customers. And it can accept product requirements in the form of\u00a0OEM\u00a0and provide products to various Sustainable &amp; Environmental Efforts As a reliable ice machine&#8230;<\/p>","protected":false},"author":1,"featured_media":0,"parent":0,"menu_order":1,"comment_status":"closed","ping_status":"closed","template":"","meta":{"_acf_changed":false,"footnotes":""},"class_list":["post-13441","page","type-page","status-publish","hentry"],"acf":[],"_links":{"self":[{"href":"https:\/\/flycheng.com\/fr\/wp-json\/wp\/v2\/pages\/13441","targetHints":{"allow":["GET"]}}],"collection":[{"href":"https:\/\/flycheng.com\/fr\/wp-json\/wp\/v2\/pages"}],"about":[{"href":"https:\/\/flycheng.com\/fr\/wp-json\/wp\/v2\/types\/page"}],"author":[{"embeddable":true,"href":"https:\/\/flycheng.com\/fr\/wp-json\/wp\/v2\/users\/1"}],"replies":[{"embeddable":true,"href":"https:\/\/flycheng.com\/fr\/wp-json\/wp\/v2\/comments?post=13441"}],"version-history":[{"count":58,"href":"https:\/\/flycheng.com\/fr\/wp-json\/wp\/v2\/pages\/13441\/revisions"}],"predecessor-version":[{"id":14422,"href":"https:\/\/flycheng.com\/fr\/wp-json\/wp\/v2\/pages\/13441\/revisions\/14422"}],"wp:attachment":[{"href":"https:\/\/flycheng.com\/fr\/wp-json\/wp\/v2\/media?parent=13441"}],"curies":[{"name":"wp","href":"https:\/\/api.w.org\/{rel}","templated":true}]}}