{"id":14779,"date":"2025-03-17T03:56:38","date_gmt":"2025-03-17T03:56:38","guid":{"rendered":"https:\/\/flycheng.com\/?page_id=14779"},"modified":"2025-07-02T09:08:52","modified_gmt":"2025-07-02T09:08:52","slug":"applications","status":"publish","type":"page","link":"https:\/\/flycheng.com\/de\/applications\/","title":{"rendered":"Anmeldung"},"content":{"rendered":"<div data-elementor-type=\"wp-page\" data-elementor-id=\"14779\" class=\"elementor elementor-14779\" data-elementor-post-type=\"page\">\n\t\t\t\t<div class=\"elementor-element elementor-element-e970c9a e-flex e-con-boxed e-con e-parent\" data-id=\"e970c9a\" data-element_type=\"container\">\n\t\t\t\t\t<div class=\"e-con-inner\">\n\t\t\t\t<div class=\"elementor-element elementor-element-6544c2a elementor-widget elementor-widget-heading\" data-id=\"6544c2a\" data-element_type=\"widget\" data-widget_type=\"heading.default\">\n\t\t\t\t<div class=\"elementor-widget-container\">\n\t\t\t\t\t<h2 class=\"elementor-heading-title elementor-size-default\">Beliebte Anwendung in der Industrie<\/h2>\t\t\t\t<\/div>\n\t\t\t\t<\/div>\n\t\t<div class=\"elementor-element elementor-element-962eabd e-con-full e-flex e-con e-child\" data-id=\"962eabd\" data-element_type=\"container\">\n\t\t<div class=\"elementor-element elementor-element-c0dec29 e-con-full e-flex e-con e-child\" data-id=\"c0dec29\" data-element_type=\"container\" id=\"zuiwc-11\" data-settings=\"{&quot;background_background&quot;:&quot;classic&quot;}\">\n\t\t<div class=\"elementor-element elementor-element-54b5511 e-con-full e-flex e-con e-child\" data-id=\"54b5511\" data-element_type=\"container\">\n\t\t\t\t<div class=\"elementor-element elementor-element-1f63507 elementor-widget elementor-widget-heading\" data-id=\"1f63507\" data-element_type=\"widget\" data-widget_type=\"heading.default\">\n\t\t\t\t<div class=\"elementor-widget-container\">\n\t\t\t\t\t<h2 class=\"elementor-heading-title elementor-size-default\">&gt;&gt;\n<br>\nFischerei<\/h2>\t\t\t\t<\/div>\n\t\t\t\t<\/div>\n\t\t\t\t<\/div>\n\t\t<div class=\"elementor-element elementor-element-c1b9cf2 e-con-full e-flex e-con e-child\" data-id=\"c1b9cf2\" data-element_type=\"container\" data-settings=\"{&quot;background_background&quot;:&quot;classic&quot;}\">\n\t\t\t\t<div class=\"elementor-element elementor-element-7501b6f elementor-widget elementor-widget-heading\" data-id=\"7501b6f\" data-element_type=\"widget\" data-widget_type=\"heading.default\">\n\t\t\t\t<div class=\"elementor-widget-container\">\n\t\t\t\t\t<span class=\"elementor-heading-title elementor-size-default\">Sorgen Sie f\u00fcr die bestm\u00f6gliche Qualit\u00e4t des Fisches, indem Sie ihn frisch k\u00fchlen und mit verschiedenen Eisl\u00f6sungen vollst\u00e4ndig erhalten.<\/span>\t\t\t\t<\/div>\n\t\t\t\t<\/div>\n\t\t\t\t<div class=\"elementor-element elementor-element-a546ded elementor-widget elementor-widget-button\" data-id=\"a546ded\" data-element_type=\"widget\" data-widget_type=\"button.default\">\n\t\t\t\t<div class=\"elementor-widget-container\">\n\t\t\t\t\t\t\t\t\t<div class=\"elementor-button-wrapper\">\n\t\t\t\t\t<a class=\"elementor-button elementor-button-link elementor-size-sm\" href=\"#\">\n\t\t\t\t\t\t<span class=\"elementor-button-content-wrapper\">\n\t\t\t\t\t\t\t\t\t<span class=\"elementor-button-text\">Mehr sehen<\/span>\n\t\t\t\t\t<\/span>\n\t\t\t\t\t<\/a>\n\t\t\t\t<\/div>\n\t\t\t\t\t\t\t\t<\/div>\n\t\t\t\t<\/div>\n\t\t\t\t<\/div>\n\t\t\t\t<\/div>\n\t\t<div class=\"elementor-element elementor-element-d796b65 e-con-full e-flex e-con e-child\" data-id=\"d796b65\" data-element_type=\"container\" data-settings=\"{&quot;background_background&quot;:&quot;classic&quot;}\">\n\t\t<div class=\"elementor-element elementor-element-bea9c7a e-con-full e-flex e-con e-child\" data-id=\"bea9c7a\" data-element_type=\"container\">\n\t\t\t\t<div class=\"elementor-element elementor-element-855fa9d elementor-widget elementor-widget-heading\" data-id=\"855fa9d\" data-element_type=\"widget\" data-widget_type=\"heading.default\">\n\t\t\t\t<div class=\"elementor-widget-container\">\n\t\t\t\t\t<h2 class=\"elementor-heading-title elementor-size-default\">&gt;&gt;\n<br>\nVerpflegung<\/h2>\t\t\t\t<\/div>\n\t\t\t\t<\/div>\n\t\t\t\t<\/div>\n\t\t<div class=\"elementor-element elementor-element-ab50392 e-con-full e-flex e-con e-child\" data-id=\"ab50392\" data-element_type=\"container\" data-settings=\"{&quot;background_background&quot;:&quot;classic&quot;}\">\n\t\t\t\t<div class=\"elementor-element elementor-element-cda093c elementor-widget elementor-widget-heading\" data-id=\"cda093c\" data-element_type=\"widget\" data-widget_type=\"heading.default\">\n\t\t\t\t<div class=\"elementor-widget-container\">\n\t\t\t\t\t<span class=\"elementor-heading-title elementor-size-default\">Sorgen Sie f\u00fcr die bestm\u00f6gliche Qualit\u00e4t des Fisches, indem Sie ihn frisch k\u00fchlen und mit verschiedenen Eisl\u00f6sungen vollst\u00e4ndig erhalten.<\/span>\t\t\t\t<\/div>\n\t\t\t\t<\/div>\n\t\t\t\t<div class=\"elementor-element elementor-element-6571be0 elementor-widget elementor-widget-button\" data-id=\"6571be0\" data-element_type=\"widget\" data-widget_type=\"button.default\">\n\t\t\t\t<div class=\"elementor-widget-container\">\n\t\t\t\t\t\t\t\t\t<div class=\"elementor-button-wrapper\">\n\t\t\t\t\t<a class=\"elementor-button elementor-button-link elementor-size-sm\" href=\"#\">\n\t\t\t\t\t\t<span class=\"elementor-button-content-wrapper\">\n\t\t\t\t\t\t\t\t\t<span class=\"elementor-button-text\">Mehr sehen<\/span>\n\t\t\t\t\t<\/span>\n\t\t\t\t\t<\/a>\n\t\t\t\t<\/div>\n\t\t\t\t\t\t\t\t<\/div>\n\t\t\t\t<\/div>\n\t\t\t\t<\/div>\n\t\t\t\t<\/div>\n\t\t<div class=\"elementor-element elementor-element-9baa670 e-con-full e-flex e-con e-child\" data-id=\"9baa670\" data-element_type=\"container\" data-settings=\"{&quot;background_background&quot;:&quot;classic&quot;}\">\n\t\t<div class=\"elementor-element elementor-element-19f651f e-con-full e-flex e-con e-child\" data-id=\"19f651f\" data-element_type=\"container\">\n\t\t\t\t<div class=\"elementor-element elementor-element-0cc4191 elementor-widget elementor-widget-heading\" data-id=\"0cc4191\" data-element_type=\"widget\" data-widget_type=\"heading.default\">\n\t\t\t\t<div class=\"elementor-widget-container\">\n\t\t\t\t\t<h2 class=\"elementor-heading-title elementor-size-default\">&gt;&gt;\n<br>\nLandwirtschaft<\/h2>\t\t\t\t<\/div>\n\t\t\t\t<\/div>\n\t\t\t\t<\/div>\n\t\t<div class=\"elementor-element elementor-element-fdba65d e-con-full e-flex e-con e-child\" data-id=\"fdba65d\" data-element_type=\"container\" data-settings=\"{&quot;background_background&quot;:&quot;classic&quot;}\">\n\t\t\t\t<div class=\"elementor-element elementor-element-b7a9128 elementor-widget elementor-widget-heading\" data-id=\"b7a9128\" data-element_type=\"widget\" data-widget_type=\"heading.default\">\n\t\t\t\t<div class=\"elementor-widget-container\">\n\t\t\t\t\t<span class=\"elementor-heading-title elementor-size-default\">Sorgen Sie f\u00fcr die bestm\u00f6gliche Qualit\u00e4t des Fisches, indem Sie ihn frisch k\u00fchlen und mit verschiedenen Eisl\u00f6sungen vollst\u00e4ndig erhalten.<\/span>\t\t\t\t<\/div>\n\t\t\t\t<\/div>\n\t\t\t\t<div class=\"elementor-element elementor-element-f3bc1f7 elementor-widget elementor-widget-button\" data-id=\"f3bc1f7\" data-element_type=\"widget\" data-widget_type=\"button.default\">\n\t\t\t\t<div class=\"elementor-widget-container\">\n\t\t\t\t\t\t\t\t\t<div class=\"elementor-button-wrapper\">\n\t\t\t\t\t<a class=\"elementor-button elementor-button-link elementor-size-sm\" href=\"#\">\n\t\t\t\t\t\t<span class=\"elementor-button-content-wrapper\">\n\t\t\t\t\t\t\t\t\t<span class=\"elementor-button-text\">Mehr sehen<\/span>\n\t\t\t\t\t<\/span>\n\t\t\t\t\t<\/a>\n\t\t\t\t<\/div>\n\t\t\t\t\t\t\t\t<\/div>\n\t\t\t\t<\/div>\n\t\t\t\t<\/div>\n\t\t\t\t<\/div>\n\t\t\t\t<\/div>\n\t\t<div class=\"elementor-element elementor-element-ef2d7ba e-con-full e-flex e-con e-child\" data-id=\"ef2d7ba\" data-element_type=\"container\">\n\t\t<div class=\"elementor-element elementor-element-5d5c46b e-con-full e-flex e-con e-child\" data-id=\"5d5c46b\" data-element_type=\"container\" data-settings=\"{&quot;background_background&quot;:&quot;classic&quot;}\">\n\t\t<div class=\"elementor-element elementor-element-115dff4 e-con-full e-flex e-con e-child\" data-id=\"115dff4\" data-element_type=\"container\">\n\t\t\t\t<div class=\"elementor-element elementor-element-c81b0d0 elementor-widget elementor-widget-heading\" data-id=\"c81b0d0\" data-element_type=\"widget\" data-widget_type=\"heading.default\">\n\t\t\t\t<div class=\"elementor-widget-container\">\n\t\t\t\t\t<h2 class=\"elementor-heading-title elementor-size-default\">&gt;&gt;\n<br>\nLebensmittelverarbeitung<\/h2>\t\t\t\t<\/div>\n\t\t\t\t<\/div>\n\t\t\t\t<\/div>\n\t\t<div class=\"elementor-element elementor-element-42fec13 e-con-full e-flex e-con e-child\" data-id=\"42fec13\" data-element_type=\"container\" data-settings=\"{&quot;background_background&quot;:&quot;classic&quot;}\">\n\t\t\t\t<div class=\"elementor-element elementor-element-1d47cb2 elementor-widget elementor-widget-heading\" data-id=\"1d47cb2\" data-element_type=\"widget\" data-widget_type=\"heading.default\">\n\t\t\t\t<div class=\"elementor-widget-container\">\n\t\t\t\t\t<span class=\"elementor-heading-title elementor-size-default\">Sorgen Sie f\u00fcr die bestm\u00f6gliche Qualit\u00e4t des Fisches, indem Sie ihn frisch k\u00fchlen und mit verschiedenen Eisl\u00f6sungen vollst\u00e4ndig erhalten.<\/span>\t\t\t\t<\/div>\n\t\t\t\t<\/div>\n\t\t\t\t<div class=\"elementor-element elementor-element-bf4471c elementor-widget elementor-widget-button\" data-id=\"bf4471c\" data-element_type=\"widget\" data-widget_type=\"button.default\">\n\t\t\t\t<div class=\"elementor-widget-container\">\n\t\t\t\t\t\t\t\t\t<div class=\"elementor-button-wrapper\">\n\t\t\t\t\t<a class=\"elementor-button elementor-button-link elementor-size-sm\" href=\"#\">\n\t\t\t\t\t\t<span class=\"elementor-button-content-wrapper\">\n\t\t\t\t\t\t\t\t\t<span class=\"elementor-button-text\">Mehr sehen<\/span>\n\t\t\t\t\t<\/span>\n\t\t\t\t\t<\/a>\n\t\t\t\t<\/div>\n\t\t\t\t\t\t\t\t<\/div>\n\t\t\t\t<\/div>\n\t\t\t\t<\/div>\n\t\t\t\t<\/div>\n\t\t<div class=\"elementor-element elementor-element-7530c3a e-con-full e-flex e-con e-child\" data-id=\"7530c3a\" data-element_type=\"container\" data-settings=\"{&quot;background_background&quot;:&quot;classic&quot;}\">\n\t\t<div class=\"elementor-element elementor-element-75da217 e-con-full e-flex e-con e-child\" data-id=\"75da217\" data-element_type=\"container\">\n\t\t\t\t<div class=\"elementor-element elementor-element-4081168 elementor-widget elementor-widget-heading\" data-id=\"4081168\" data-element_type=\"widget\" data-widget_type=\"heading.default\">\n\t\t\t\t<div class=\"elementor-widget-container\">\n\t\t\t\t\t<h2 class=\"elementor-heading-title elementor-size-default\">&gt;&gt;\n<br>\nBauwesen<\/h2>\t\t\t\t<\/div>\n\t\t\t\t<\/div>\n\t\t\t\t<\/div>\n\t\t<div class=\"elementor-element elementor-element-bcd29d1 e-con-full e-flex e-con e-child\" data-id=\"bcd29d1\" data-element_type=\"container\" data-settings=\"{&quot;background_background&quot;:&quot;classic&quot;}\">\n\t\t\t\t<div class=\"elementor-element elementor-element-72d9071 elementor-widget elementor-widget-heading\" data-id=\"72d9071\" data-element_type=\"widget\" data-widget_type=\"heading.default\">\n\t\t\t\t<div class=\"elementor-widget-container\">\n\t\t\t\t\t<span class=\"elementor-heading-title elementor-size-default\">Sorgen Sie f\u00fcr die bestm\u00f6gliche Qualit\u00e4t des Fisches, indem Sie ihn frisch k\u00fchlen und mit verschiedenen Eisl\u00f6sungen vollst\u00e4ndig erhalten.<\/span>\t\t\t\t<\/div>\n\t\t\t\t<\/div>\n\t\t\t\t<div class=\"elementor-element elementor-element-b12c1af elementor-widget elementor-widget-button\" data-id=\"b12c1af\" data-element_type=\"widget\" data-widget_type=\"button.default\">\n\t\t\t\t<div class=\"elementor-widget-container\">\n\t\t\t\t\t\t\t\t\t<div class=\"elementor-button-wrapper\">\n\t\t\t\t\t<a class=\"elementor-button elementor-button-link elementor-size-sm\" href=\"#\">\n\t\t\t\t\t\t<span class=\"elementor-button-content-wrapper\">\n\t\t\t\t\t\t\t\t\t<span class=\"elementor-button-text\">Mehr sehen<\/span>\n\t\t\t\t\t<\/span>\n\t\t\t\t\t<\/a>\n\t\t\t\t<\/div>\n\t\t\t\t\t\t\t\t<\/div>\n\t\t\t\t<\/div>\n\t\t\t\t<\/div>\n\t\t\t\t<\/div>\n\t\t<div class=\"elementor-element elementor-element-73afa76 e-con-full e-flex e-con e-child\" data-id=\"73afa76\" data-element_type=\"container\" data-settings=\"{&quot;background_background&quot;:&quot;classic&quot;}\">\n\t\t<div class=\"elementor-element elementor-element-f484e46 e-con-full e-flex e-con e-child\" data-id=\"f484e46\" data-element_type=\"container\">\n\t\t\t\t<div class=\"elementor-element elementor-element-edc696d elementor-widget elementor-widget-heading\" data-id=\"edc696d\" data-element_type=\"widget\" data-widget_type=\"heading.default\">\n\t\t\t\t<div class=\"elementor-widget-container\">\n\t\t\t\t\t<h2 class=\"elementor-heading-title elementor-size-default\">&gt;&gt;\n<br>\nPharmazie und Labor<\/h2>\t\t\t\t<\/div>\n\t\t\t\t<\/div>\n\t\t\t\t<\/div>\n\t\t<div class=\"elementor-element elementor-element-79b70ac e-con-full e-flex e-con e-child\" data-id=\"79b70ac\" data-element_type=\"container\" data-settings=\"{&quot;background_background&quot;:&quot;classic&quot;}\">\n\t\t\t\t<div class=\"elementor-element elementor-element-3e0f595 elementor-widget elementor-widget-heading\" data-id=\"3e0f595\" data-element_type=\"widget\" data-widget_type=\"heading.default\">\n\t\t\t\t<div class=\"elementor-widget-container\">\n\t\t\t\t\t<span class=\"elementor-heading-title elementor-size-default\">Sorgen Sie f\u00fcr die bestm\u00f6gliche Qualit\u00e4t des Fisches, indem Sie ihn frisch k\u00fchlen und mit verschiedenen Eisl\u00f6sungen vollst\u00e4ndig erhalten.<\/span>\t\t\t\t<\/div>\n\t\t\t\t<\/div>\n\t\t\t\t<div class=\"elementor-element elementor-element-e63c714 elementor-widget elementor-widget-button\" data-id=\"e63c714\" data-element_type=\"widget\" data-widget_type=\"button.default\">\n\t\t\t\t<div class=\"elementor-widget-container\">\n\t\t\t\t\t\t\t\t\t<div class=\"elementor-button-wrapper\">\n\t\t\t\t\t<a class=\"elementor-button elementor-button-link elementor-size-sm\" href=\"#\">\n\t\t\t\t\t\t<span class=\"elementor-button-content-wrapper\">\n\t\t\t\t\t\t\t\t\t<span class=\"elementor-button-text\">Mehr sehen<\/span>\n\t\t\t\t\t<\/span>\n\t\t\t\t\t<\/a>\n\t\t\t\t<\/div>\n\t\t\t\t\t\t\t\t<\/div>\n\t\t\t\t<\/div>\n\t\t\t\t<\/div>\n\t\t\t\t<\/div>\n\t\t\t\t<\/div>\n\t\t<div class=\"elementor-element elementor-element-2ac02fa e-con-full e-flex e-con e-child\" data-id=\"2ac02fa\" data-element_type=\"container\">\n\t\t<div class=\"elementor-element elementor-element-c47c1b7 e-con-full e-flex e-con e-child\" data-id=\"c47c1b7\" data-element_type=\"container\" data-settings=\"{&quot;background_background&quot;:&quot;classic&quot;}\">\n\t\t<div class=\"elementor-element elementor-element-5c8f935 e-con-full e-flex e-con e-child\" data-id=\"5c8f935\" data-element_type=\"container\">\n\t\t\t\t<div class=\"elementor-element elementor-element-eac722e elementor-widget elementor-widget-heading\" data-id=\"eac722e\" data-element_type=\"widget\" data-widget_type=\"heading.default\">\n\t\t\t\t<div class=\"elementor-widget-container\">\n\t\t\t\t\t<h2 class=\"elementor-heading-title elementor-size-default\">&gt;&gt;\n<br>\nVerpflegung<\/h2>\t\t\t\t<\/div>\n\t\t\t\t<\/div>\n\t\t\t\t<\/div>\n\t\t<div class=\"elementor-element elementor-element-5792b7c e-con-full e-flex e-con e-child\" data-id=\"5792b7c\" data-element_type=\"container\" data-settings=\"{&quot;background_background&quot;:&quot;classic&quot;}\">\n\t\t\t\t<div class=\"elementor-element elementor-element-f579009 elementor-widget elementor-widget-heading\" data-id=\"f579009\" data-element_type=\"widget\" data-widget_type=\"heading.default\">\n\t\t\t\t<div class=\"elementor-widget-container\">\n\t\t\t\t\t<span class=\"elementor-heading-title elementor-size-default\">Sorgen Sie f\u00fcr die bestm\u00f6gliche Qualit\u00e4t des Fisches, indem Sie ihn frisch k\u00fchlen und mit verschiedenen Eisl\u00f6sungen vollst\u00e4ndig erhalten.<\/span>\t\t\t\t<\/div>\n\t\t\t\t<\/div>\n\t\t\t\t<div class=\"elementor-element elementor-element-fe5996b elementor-widget elementor-widget-button\" data-id=\"fe5996b\" data-element_type=\"widget\" data-widget_type=\"button.default\">\n\t\t\t\t<div class=\"elementor-widget-container\">\n\t\t\t\t\t\t\t\t\t<div class=\"elementor-button-wrapper\">\n\t\t\t\t\t<a class=\"elementor-button elementor-button-link elementor-size-sm\" href=\"#\">\n\t\t\t\t\t\t<span class=\"elementor-button-content-wrapper\">\n\t\t\t\t\t\t\t\t\t<span class=\"elementor-button-text\">Mehr sehen<\/span>\n\t\t\t\t\t<\/span>\n\t\t\t\t\t<\/a>\n\t\t\t\t<\/div>\n\t\t\t\t\t\t\t\t<\/div>\n\t\t\t\t<\/div>\n\t\t\t\t<\/div>\n\t\t\t\t<\/div>\n\t\t\t\t<\/div>\n\t\t\t\t\t<\/div>\n\t\t\t\t<\/div>\n\t\t<div class=\"elementor-element elementor-element-d7e6e30 e-flex e-con-boxed e-con e-parent\" data-id=\"d7e6e30\" data-element_type=\"container\">\n\t\t\t\t\t<div class=\"e-con-inner\">\n\t\t<div class=\"elementor-element elementor-element-929155d e-con-full e-flex e-con e-child\" data-id=\"929155d\" data-element_type=\"container\">\n\t\t\t\t<div class=\"elementor-element elementor-element-ba118ec elementor--h-position-center elementor--v-position-middle elementor-pagination-position-inside elementor-widget elementor-widget-slides\" data-id=\"ba118ec\" data-element_type=\"widget\" data-settings=\"{&quot;navigation&quot;:&quot;dots&quot;,&quot;autoplay&quot;:&quot;yes&quot;,&quot;pause_on_hover&quot;:&quot;yes&quot;,&quot;pause_on_interaction&quot;:&quot;yes&quot;,&quot;autoplay_speed&quot;:5000,&quot;infinite&quot;:&quot;yes&quot;,&quot;transition&quot;:&quot;slide&quot;,&quot;transition_speed&quot;:500}\" data-widget_type=\"slides.default\">\n\t\t\t\t<div class=\"elementor-widget-container\">\n\t\t\t\t\t\t\t\t\t<div class=\"elementor-swiper\">\n\t\t\t\t\t<div class=\"elementor-slides-wrapper elementor-main-swiper swiper\" role=\"region\" aria-roledescription=\"carousel\" aria-label=\"Folien\" dir=\"ltr\" data-animation=\"\">\n\t\t\t\t<div class=\"swiper-wrapper elementor-slides\">\n\t\t\t\t\t\t\t\t\t\t<div class=\"elementor-repeater-item-42cc9e7 swiper-slide\" role=\"group\" aria-roledescription=\"slide\"><div class=\"swiper-slide-bg\" role=\"img\"><\/div><div class=\"swiper-slide-inner\" ><div class=\"swiper-slide-contents\"><div class=\"elementor-slide-heading\">Dia 1 \u00dcberschrift<\/div><div class=\"elementor-slide-description\">Lorem ipsum dolor sit amet consectetur adipiscing elit dolor<\/div><div  class=\"elementor-button elementor-slide-button elementor-size-sm\">Hier klicken<\/div><\/div><\/div><\/div><div class=\"elementor-repeater-item-1506bfd swiper-slide\" role=\"group\" aria-roledescription=\"slide\"><div class=\"swiper-slide-bg\" role=\"img\"><\/div><div class=\"swiper-slide-inner\" ><div class=\"swiper-slide-contents\"><div class=\"elementor-slide-heading\">Dia 2 \u00dcberschrift<\/div><div class=\"elementor-slide-description\">Lorem ipsum dolor sit amet consectetur adipiscing elit dolor<\/div><div  class=\"elementor-button elementor-slide-button elementor-size-sm\">Hier klicken<\/div><\/div><\/div><\/div><div class=\"elementor-repeater-item-94c8ef8 swiper-slide\" role=\"group\" aria-roledescription=\"slide\"><div class=\"swiper-slide-bg\" role=\"img\"><\/div><div class=\"swiper-slide-inner\" ><div class=\"swiper-slide-contents\"><div class=\"elementor-slide-heading\">Dia 3 \u00dcberschrift<\/div><div class=\"elementor-slide-description\">Lorem ipsum dolor sit amet consectetur adipiscing elit dolor<\/div><div  class=\"elementor-button elementor-slide-button elementor-size-sm\">Hier klicken<\/div><\/div><\/div><\/div>\t\t\t\t<\/div>\n\t\t\t\t\t\t\t\t\t\t\t\t\t\t\t\t\t\t\t\t<div class=\"swiper-pagination\"><\/div>\n\t\t\t\t\t\t\t\t\t\t\t\t<\/div>\n\t\t\t\t<\/div>\n\t\t\t\t\t\t\t\t<\/div>\n\t\t\t\t<\/div>\n\t\t\t\t<\/div>\n\t\t<div class=\"elementor-element elementor-element-78c5c94 e-con-full e-flex e-con e-child\" data-id=\"78c5c94\" data-element_type=\"container\">\n\t\t<div class=\"elementor-element elementor-element-a47f113 e-con-full e-flex e-con e-child\" data-id=\"a47f113\" data-element_type=\"container\">\n\t\t\t\t<div class=\"elementor-element elementor-element-f2deeb3 elementor-widget elementor-widget-heading\" data-id=\"f2deeb3\" data-element_type=\"widget\" data-widget_type=\"heading.default\">\n\t\t\t\t<div class=\"elementor-widget-container\">\n\t\t\t\t\t<h2 class=\"elementor-heading-title elementor-size-default\">Feedback der Kunden<\/h2>\t\t\t\t<\/div>\n\t\t\t\t<\/div>\n\t\t\t\t<\/div>\n\t\t\t\t<\/div>\n\t\t\t\t\t<\/div>\n\t\t\t\t<\/div>\n\t\t\t\t<\/div>","protected":false},"excerpt":{"rendered":"<p>Popular Application in Industry &gt;&gt; Fishery Ensure the best possible quality of fish by cooling it freshly and maintaining completeness with various ice solutions. View More &gt;&gt; Catering Ensure the best possible quality of fish by cooling it freshly and maintaining completeness with various ice solutions. View More &gt;&gt; Agriculture Ensure the best possible quality&#8230;<\/p>","protected":false},"author":1,"featured_media":0,"parent":0,"menu_order":2,"comment_status":"closed","ping_status":"closed","template":"","meta":{"_acf_changed":false,"footnotes":""},"class_list":["post-14779","page","type-page","status-publish","hentry"],"acf":[],"_links":{"self":[{"href":"https:\/\/flycheng.com\/de\/wp-json\/wp\/v2\/pages\/14779","targetHints":{"allow":["GET"]}}],"collection":[{"href":"https:\/\/flycheng.com\/de\/wp-json\/wp\/v2\/pages"}],"about":[{"href":"https:\/\/flycheng.com\/de\/wp-json\/wp\/v2\/types\/page"}],"author":[{"embeddable":true,"href":"https:\/\/flycheng.com\/de\/wp-json\/wp\/v2\/users\/1"}],"replies":[{"embeddable":true,"href":"https:\/\/flycheng.com\/de\/wp-json\/wp\/v2\/comments?post=14779"}],"version-history":[{"count":77,"href":"https:\/\/flycheng.com\/de\/wp-json\/wp\/v2\/pages\/14779\/revisions"}],"predecessor-version":[{"id":16358,"href":"https:\/\/flycheng.com\/de\/wp-json\/wp\/v2\/pages\/14779\/revisions\/16358"}],"wp:attachment":[{"href":"https:\/\/flycheng.com\/de\/wp-json\/wp\/v2\/media?parent=14779"}],"curies":[{"name":"wp","href":"https:\/\/api.w.org\/{rel}","templated":true}]}}