{"id":13468,"date":"2023-07-18T20:45:57","date_gmt":"2023-07-18T20:45:57","guid":{"rendered":"https:\/\/business.reobiztheme.com\/?page_id=13468"},"modified":"2025-07-02T09:17:01","modified_gmt":"2025-07-02T09:17:01","slug":"services","status":"publish","type":"page","link":"https:\/\/flycheng.com\/de\/services\/","title":{"rendered":"Dienstleistungen"},"content":{"rendered":"<div data-elementor-type=\"wp-page\" data-elementor-id=\"13468\" class=\"elementor elementor-13468\" data-elementor-post-type=\"page\">\n\t\t\t\t\t\t<section class=\"elementor-section elementor-top-section elementor-element elementor-element-f737a26 elementor-section-stretched elementor-section-full_width elementor-section-height-default elementor-section-height-default\" data-id=\"f737a26\" data-element_type=\"section\" data-settings=\"{&quot;stretch_section&quot;:&quot;section-stretched&quot;,&quot;background_background&quot;:&quot;classic&quot;}\">\n\t\t\t\t\t\t<div class=\"elementor-container elementor-column-gap-default\">\n\t\t\t\t\t<div class=\"elementor-column elementor-col-100 elementor-top-column elementor-element elementor-element-c0449ee\" data-id=\"c0449ee\" data-element_type=\"column\">\n\t\t\t<div class=\"elementor-widget-wrap elementor-element-populated\">\n\t\t\t\t\t\t<section class=\"elementor-section elementor-inner-section elementor-element elementor-element-d2a8d37 elementor-section-boxed elementor-section-height-default elementor-section-height-default\" data-id=\"d2a8d37\" data-element_type=\"section\">\n\t\t\t\t\t\t<div class=\"elementor-container elementor-column-gap-default\">\n\t\t\t\t\t<div class=\"elementor-column elementor-col-33 elementor-inner-column elementor-element elementor-element-336f334\" data-id=\"336f334\" data-element_type=\"column\">\n\t\t\t<div class=\"elementor-widget-wrap elementor-element-populated\">\n\t\t\t\t<div class=\"elementor-element elementor-element-93ad935 e-flex e-con-boxed e-con e-parent\" data-id=\"93ad935\" data-element_type=\"container\" data-settings=\"{&quot;background_background&quot;:&quot;classic&quot;}\">\n\t\t\t\t\t<div class=\"e-con-inner\">\n\t\t\t\t<div class=\"elementor-element elementor-element-f7b80b5 elementor-position-top elementor-widget elementor-widget-image-box\" data-id=\"f7b80b5\" data-element_type=\"widget\" data-widget_type=\"image-box.default\">\n\t\t\t\t<div class=\"elementor-widget-container\">\n\t\t\t\t\t<div class=\"elementor-image-box-wrapper\"><figure class=\"elementor-image-box-img\"><img fetchpriority=\"high\" decoding=\"async\" width=\"256\" height=\"256\" src=\"https:\/\/flycheng.com\/wp-content\/uploads\/2023\/07\/profits.png\" class=\"attachment-full size-full wp-image-13771\" alt=\"\" srcset=\"https:\/\/flycheng.com\/wp-content\/uploads\/2023\/07\/profits.png 256w, https:\/\/flycheng.com\/wp-content\/uploads\/2023\/07\/profits-150x150.png 150w, https:\/\/flycheng.com\/wp-content\/uploads\/2023\/07\/profits-100x100.png 100w\" sizes=\"(max-width: 256px) 100vw, 256px\" \/><\/figure><div class=\"elementor-image-box-content\"><h3 class=\"elementor-image-box-title\">24\/7 Service<\/h3><p class=\"elementor-image-box-description\">Wir bieten einen 24-Stunden-Online-Service, um Sie bei der Wartung zu unterst\u00fctzen<\/p><\/div><\/div>\t\t\t\t<\/div>\n\t\t\t\t<\/div>\n\t\t\t\t\t<\/div>\n\t\t\t\t<\/div>\n\t\t<div class=\"elementor-element elementor-element-5ce9b2a e-flex e-con-boxed e-con e-parent\" data-id=\"5ce9b2a\" data-element_type=\"container\" data-settings=\"{&quot;background_background&quot;:&quot;classic&quot;}\">\n\t\t\t\t\t<div class=\"e-con-inner\">\n\t\t\t\t<div class=\"elementor-element elementor-element-84342ff elementor-position-top elementor-widget elementor-widget-image-box\" data-id=\"84342ff\" data-element_type=\"widget\" data-widget_type=\"image-box.default\">\n\t\t\t\t<div class=\"elementor-widget-container\">\n\t\t\t\t\t<div class=\"elementor-image-box-wrapper\"><figure class=\"elementor-image-box-img\"><img decoding=\"async\" width=\"256\" height=\"256\" src=\"https:\/\/flycheng.com\/wp-content\/uploads\/2023\/07\/shield.png\" class=\"attachment-full size-full wp-image-13773\" alt=\"\" srcset=\"https:\/\/flycheng.com\/wp-content\/uploads\/2023\/07\/shield.png 256w, https:\/\/flycheng.com\/wp-content\/uploads\/2023\/07\/shield-150x150.png 150w, https:\/\/flycheng.com\/wp-content\/uploads\/2023\/07\/shield-100x100.png 100w\" sizes=\"(max-width: 256px) 100vw, 256px\" \/><\/figure><div class=\"elementor-image-box-content\"><h3 class=\"elementor-image-box-title\">Globale Partner<\/h3><p class=\"elementor-image-box-description\">Finden Sie weltweit Partner, analysieren Sie lokale M\u00e4rkte und erweitern Sie Ihr Gesch\u00e4ft.<\/p><\/div><\/div>\t\t\t\t<\/div>\n\t\t\t\t<\/div>\n\t\t\t\t\t<\/div>\n\t\t\t\t<\/div>\n\t\t\t\t\t<\/div>\n\t\t<\/div>\n\t\t\t\t<div class=\"elementor-column elementor-col-33 elementor-inner-column elementor-element elementor-element-6dca384\" data-id=\"6dca384\" data-element_type=\"column\">\n\t\t\t<div class=\"elementor-widget-wrap elementor-element-populated\">\n\t\t\t\t<div class=\"elementor-element elementor-element-bbd5284 e-flex e-con-boxed e-con e-parent\" data-id=\"bbd5284\" data-element_type=\"container\" data-settings=\"{&quot;background_background&quot;:&quot;classic&quot;}\">\n\t\t\t\t\t<div class=\"e-con-inner\">\n\t\t\t\t<div class=\"elementor-element elementor-element-aec5b23 elementor-position-top elementor-widget elementor-widget-image-box\" data-id=\"aec5b23\" data-element_type=\"widget\" data-widget_type=\"image-box.default\">\n\t\t\t\t<div class=\"elementor-widget-container\">\n\t\t\t\t\t<div class=\"elementor-image-box-wrapper\"><figure class=\"elementor-image-box-img\"><img decoding=\"async\" width=\"256\" height=\"256\" src=\"https:\/\/flycheng.com\/wp-content\/uploads\/2023\/07\/lightbulb.png\" class=\"attachment-full size-full wp-image-13775\" alt=\"\" srcset=\"https:\/\/flycheng.com\/wp-content\/uploads\/2023\/07\/lightbulb.png 256w, https:\/\/flycheng.com\/wp-content\/uploads\/2023\/07\/lightbulb-150x150.png 150w, https:\/\/flycheng.com\/wp-content\/uploads\/2023\/07\/lightbulb-100x100.png 100w\" sizes=\"(max-width: 256px) 100vw, 256px\" \/><\/figure><div class=\"elementor-image-box-content\"><h3 class=\"elementor-image-box-title\">Freie Teile verf\u00fcgbar<\/h3><p class=\"elementor-image-box-description\">Ersatzteile, die unter die Garantie fallen, werden kostenlos ausgetauscht. Schnelle Lieferung und ausreichender Vorrat.<\/p><\/div><\/div>\t\t\t\t<\/div>\n\t\t\t\t<\/div>\n\t\t\t\t\t<\/div>\n\t\t\t\t<\/div>\n\t\t<div class=\"elementor-element elementor-element-3b74cc8 e-flex e-con-boxed e-con e-parent\" data-id=\"3b74cc8\" data-element_type=\"container\" data-settings=\"{&quot;background_background&quot;:&quot;classic&quot;}\">\n\t\t\t\t\t<div class=\"e-con-inner\">\n\t\t\t\t<div class=\"elementor-element elementor-element-4cdf5b6 elementor-position-top elementor-widget elementor-widget-image-box\" data-id=\"4cdf5b6\" data-element_type=\"widget\" data-widget_type=\"image-box.default\">\n\t\t\t\t<div class=\"elementor-widget-container\">\n\t\t\t\t\t<div class=\"elementor-image-box-wrapper\"><figure class=\"elementor-image-box-img\"><img loading=\"lazy\" decoding=\"async\" width=\"256\" height=\"256\" src=\"https:\/\/flycheng.com\/wp-content\/uploads\/2023\/07\/vector.png\" class=\"attachment-full size-full wp-image-13777\" alt=\"\" srcset=\"https:\/\/flycheng.com\/wp-content\/uploads\/2023\/07\/vector.png 256w, https:\/\/flycheng.com\/wp-content\/uploads\/2023\/07\/vector-150x150.png 150w, https:\/\/flycheng.com\/wp-content\/uploads\/2023\/07\/vector-100x100.png 100w\" sizes=\"(max-width: 256px) 100vw, 256px\" \/><\/figure><div class=\"elementor-image-box-content\"><h3 class=\"elementor-image-box-title\">OEM Ihre Marke<\/h3><p class=\"elementor-image-box-description\">FlyCheng hilft neuen Marken bei der Erstellung ihres Logos und Designs, so dass sie das Investitionsrisiko des Baus einer Fabrik vermeiden k\u00f6nnen.<\/p><\/div><\/div>\t\t\t\t<\/div>\n\t\t\t\t<\/div>\n\t\t\t\t\t<\/div>\n\t\t\t\t<\/div>\n\t\t\t\t\t<\/div>\n\t\t<\/div>\n\t\t\t\t<div class=\"elementor-column elementor-col-33 elementor-inner-column elementor-element elementor-element-46bc022\" data-id=\"46bc022\" data-element_type=\"column\">\n\t\t\t<div class=\"elementor-widget-wrap elementor-element-populated\">\n\t\t\t\t<div class=\"elementor-element elementor-element-f6aaa2d e-flex e-con-boxed e-con e-parent\" data-id=\"f6aaa2d\" data-element_type=\"container\" data-settings=\"{&quot;background_background&quot;:&quot;classic&quot;}\">\n\t\t\t\t\t<div class=\"e-con-inner\">\n\t\t\t\t<div class=\"elementor-element elementor-element-1b1b613 elementor-position-top elementor-widget elementor-widget-image-box\" data-id=\"1b1b613\" data-element_type=\"widget\" data-widget_type=\"image-box.default\">\n\t\t\t\t<div class=\"elementor-widget-container\">\n\t\t\t\t\t<div class=\"elementor-image-box-wrapper\"><figure class=\"elementor-image-box-img\"><img loading=\"lazy\" decoding=\"async\" width=\"256\" height=\"256\" src=\"https:\/\/flycheng.com\/wp-content\/uploads\/2023\/07\/laptop-screen.png\" class=\"attachment-full size-full wp-image-13779\" alt=\"\" srcset=\"https:\/\/flycheng.com\/wp-content\/uploads\/2023\/07\/laptop-screen.png 256w, https:\/\/flycheng.com\/wp-content\/uploads\/2023\/07\/laptop-screen-150x150.png 150w, https:\/\/flycheng.com\/wp-content\/uploads\/2023\/07\/laptop-screen-100x100.png 100w\" sizes=\"(max-width: 256px) 100vw, 256px\" \/><\/figure><div class=\"elementor-image-box-content\"><h3 class=\"elementor-image-box-title\">Lebenslange Unterst\u00fctzung<\/h3><p class=\"elementor-image-box-description\">Selbst wenn die Garantie abgelaufen ist, sind einige Teile kostenlos oder werden nur zum Selbstkostenpreis berechnet. Und wir bieten lebenslange Beratung.<\/p><\/div><\/div>\t\t\t\t<\/div>\n\t\t\t\t<\/div>\n\t\t\t\t\t<\/div>\n\t\t\t\t<\/div>\n\t\t<div class=\"elementor-element elementor-element-7e881c8 e-flex e-con-boxed e-con e-parent\" data-id=\"7e881c8\" data-element_type=\"container\" data-settings=\"{&quot;background_background&quot;:&quot;classic&quot;}\">\n\t\t\t\t\t<div class=\"e-con-inner\">\n\t\t\t\t<div class=\"elementor-element elementor-element-a58445d elementor-position-top elementor-widget elementor-widget-image-box\" data-id=\"a58445d\" data-element_type=\"widget\" data-widget_type=\"image-box.default\">\n\t\t\t\t<div class=\"elementor-widget-container\">\n\t\t\t\t\t<div class=\"elementor-image-box-wrapper\"><figure class=\"elementor-image-box-img\"><img loading=\"lazy\" decoding=\"async\" width=\"256\" height=\"256\" src=\"https:\/\/flycheng.com\/wp-content\/uploads\/2023\/07\/tools.png\" class=\"attachment-full size-full wp-image-13781\" alt=\"\" srcset=\"https:\/\/flycheng.com\/wp-content\/uploads\/2023\/07\/tools.png 256w, https:\/\/flycheng.com\/wp-content\/uploads\/2023\/07\/tools-150x150.png 150w, https:\/\/flycheng.com\/wp-content\/uploads\/2023\/07\/tools-100x100.png 100w\" sizes=\"(max-width: 256px) 100vw, 256px\" \/><\/figure><div class=\"elementor-image-box-content\"><h3 class=\"elementor-image-box-title\">Zollabfertigung<\/h3><p class=\"elementor-image-box-description\">Alle Produkte entsprechen internationalen Standards und k\u00f6nnen problemlos abgefertigt werden.<\/p><\/div><\/div>\t\t\t\t<\/div>\n\t\t\t\t<\/div>\n\t\t\t\t\t<\/div>\n\t\t\t\t<\/div>\n\t\t\t\t\t<\/div>\n\t\t<\/div>\n\t\t\t\t\t<\/div>\n\t\t<\/section>\n\t\t\t\t\t<\/div>\n\t\t<\/div>\n\t\t\t\t\t<\/div>\n\t\t<\/section>\n\t\t<div class=\"elementor-element elementor-element-ab02b70 e-flex e-con-boxed e-con e-parent\" data-id=\"ab02b70\" data-element_type=\"container\">\n\t\t\t\t\t<div class=\"e-con-inner\">\n\t\t\t\t<div class=\"elementor-element elementor-element-7bf9cee elementor-widget elementor-widget-heading\" data-id=\"7bf9cee\" data-element_type=\"widget\" data-widget_type=\"heading.default\">\n\t\t\t\t<div class=\"elementor-widget-container\">\n\t\t\t\t\t<h2 class=\"elementor-heading-title elementor-size-default\">M\u00fchelose Inbetriebnahme mit Turnkey-Service<\/h2>\t\t\t\t<\/div>\n\t\t\t\t<\/div>\n\t\t\t\t\t<\/div>\n\t\t\t\t<\/div>\n\t\t<div class=\"elementor-element elementor-element-d720497 e-flex e-con-boxed e-con e-parent\" data-id=\"d720497\" data-element_type=\"container\">\n\t\t\t\t\t<div class=\"e-con-inner\">\n\t\t<div class=\"elementor-element elementor-element-48a87a1 e-con-full e-flex e-con e-child\" data-id=\"48a87a1\" data-element_type=\"container\">\n\t\t\t\t<div class=\"elementor-element elementor-element-aeb31f6 elementor-widget elementor-widget-image\" data-id=\"aeb31f6\" data-element_type=\"widget\" data-widget_type=\"image.default\">\n\t\t\t\t<div class=\"elementor-widget-container\">\n\t\t\t\t\t\t\t\t\t\t\t\t\t\t\t\t<a href=\"https:\/\/flycheng.com\/wp-content\/uploads\/2025\/05\/IMG_6096-e1751446826322.jpg\" data-elementor-open-lightbox=\"yes\" data-elementor-lightbox-title=\"IMG_6096\" data-e-action-hash=\"#elementor-action%3Aaction%3Dlightbox%26settings%3DeyJpZCI6MTYwMjIsInVybCI6Imh0dHBzOlwvXC9mbHljaGVuZy5jb21cL3dwLWNvbnRlbnRcL3VwbG9hZHNcLzIwMjVcLzA1XC9JTUdfNjA5Ni1lMTc1MTQ0NjgyNjMyMi5qcGcifQ%3D%3D\">\n\t\t\t\t\t\t\t<img loading=\"lazy\" decoding=\"async\" width=\"756\" height=\"677\" src=\"https:\/\/flycheng.com\/wp-content\/uploads\/2025\/05\/IMG_6096-e1751446826322.jpg\" class=\"attachment-full size-full wp-image-16022\" alt=\"\" srcset=\"https:\/\/flycheng.com\/wp-content\/uploads\/2025\/05\/IMG_6096-e1751446826322.jpg 756w, https:\/\/flycheng.com\/wp-content\/uploads\/2025\/05\/IMG_6096-e1751446826322-300x269.jpg 300w\" sizes=\"(max-width: 756px) 100vw, 756px\" \/>\t\t\t\t\t\t\t\t<\/a>\n\t\t\t\t\t\t\t\t\t\t\t\t\t\t\t<\/div>\n\t\t\t\t<\/div>\n\t\t\t\t<\/div>\n\t\t<div class=\"elementor-element elementor-element-4d4ead5 e-con-full e-flex e-con e-child\" data-id=\"4d4ead5\" data-element_type=\"container\" data-settings=\"{&quot;background_background&quot;:&quot;classic&quot;}\">\n\t\t<div class=\"elementor-element elementor-element-4bbd5ae e-con-full e-flex e-con e-child\" data-id=\"4bbd5ae\" data-element_type=\"container\">\n\t\t\t\t<div class=\"elementor-element elementor-element-3eb6dab elementor-widget elementor-widget-heading\" data-id=\"3eb6dab\" data-element_type=\"widget\" data-widget_type=\"heading.default\">\n\t\t\t\t<div class=\"elementor-widget-container\">\n\t\t\t\t\t<h2 class=\"elementor-heading-title elementor-size-default\">Bequeme Ausr\u00fcstung f\u00fcr den Abgleich<\/h2>\t\t\t\t<\/div>\n\t\t\t\t<\/div>\n\t\t\t\t<div class=\"elementor-element elementor-element-ddbd011 elementor-widget elementor-widget-text-editor\" data-id=\"ddbd011\" data-element_type=\"widget\" data-widget_type=\"text-editor.default\">\n\t\t\t\t<div class=\"elementor-widget-container\">\n\t\t\t\t\t\t\t\t\t<p>FlyCheng ist sich dar\u00fcber im Klaren, dass die dazugeh\u00f6rige Ausr\u00fcstung den Start Ihres Unternehmens erheblich erleichtern kann, sobald Sie die Hauptmaschinen besitzen.\u00a0<\/p><p>Dazu geh\u00f6ren Eiscrusher, Verpackungsmaschinen, F\u00f6rderb\u00e4nder, Eislagersysteme und vieles mehr, damit Sie alles haben, was Sie f\u00fcr eine reibungslose Inbetriebnahme ben\u00f6tigen.<\/p>\t\t\t\t\t\t\t\t<\/div>\n\t\t\t\t<\/div>\n\t\t\t\t<\/div>\n\t\t\t\t<\/div>\n\t\t\t\t\t<\/div>\n\t\t\t\t<\/div>\n\t\t<div class=\"elementor-element elementor-element-7326590 e-flex e-con-boxed e-con e-parent\" data-id=\"7326590\" data-element_type=\"container\">\n\t\t\t\t\t<div class=\"e-con-inner\">\n\t\t<div class=\"elementor-element elementor-element-7199cba e-con-full e-flex e-con e-child\" data-id=\"7199cba\" data-element_type=\"container\" data-settings=\"{&quot;background_background&quot;:&quot;classic&quot;}\">\n\t\t<div class=\"elementor-element elementor-element-08ebdad e-con-full e-flex e-con e-child\" data-id=\"08ebdad\" data-element_type=\"container\">\n\t\t\t\t<div class=\"elementor-element elementor-element-01fb9af elementor-widget elementor-widget-heading\" data-id=\"01fb9af\" data-element_type=\"widget\" data-widget_type=\"heading.default\">\n\t\t\t\t<div class=\"elementor-widget-container\">\n\t\t\t\t\t<h2 class=\"elementor-heading-title elementor-size-default\">Sorgenfreie Installation und Online-Schulung<\/h2>\t\t\t\t<\/div>\n\t\t\t\t<\/div>\n\t\t\t\t<div class=\"elementor-element elementor-element-6bbb76c elementor-widget elementor-widget-text-editor\" data-id=\"6bbb76c\" data-element_type=\"widget\" data-widget_type=\"text-editor.default\">\n\t\t\t\t<div class=\"elementor-widget-container\">\n\t\t\t\t\t\t\t\t\t<p>Unsere Eismaschinen sind so konzipiert, dass sie problemlos installiert werden k\u00f6nnen - einfach einstecken und los geht's.\u00a0<\/p><p>Wir k\u00f6nnen professionelle Techniker f\u00fcr die Installation vor Ort und praktische Schulungen zu Ihnen schicken.\u00a0<\/p>\t\t\t\t\t\t\t\t<\/div>\n\t\t\t\t<\/div>\n\t\t\t\t<\/div>\n\t\t\t\t<\/div>\n\t\t<div class=\"elementor-element elementor-element-634bcab e-con-full e-flex e-con e-child\" data-id=\"634bcab\" data-element_type=\"container\">\n\t\t\t\t<div class=\"elementor-element elementor-element-5ef1869 elementor-widget elementor-widget-image\" data-id=\"5ef1869\" data-element_type=\"widget\" data-widget_type=\"image.default\">\n\t\t\t\t<div class=\"elementor-widget-container\">\n\t\t\t\t\t\t\t\t\t\t\t\t\t\t\t\t<a href=\"https:\/\/flycheng.com\/wp-content\/uploads\/2025\/05\/IMG_6097.jpg\" data-elementor-open-lightbox=\"yes\" data-elementor-lightbox-title=\"IMG_6097\" data-e-action-hash=\"#elementor-action%3Aaction%3Dlightbox%26settings%3DeyJpZCI6MTYwMjMsInVybCI6Imh0dHBzOlwvXC9mbHljaGVuZy5jb21cL3dwLWNvbnRlbnRcL3VwbG9hZHNcLzIwMjVcLzA1XC9JTUdfNjA5Ny5qcGcifQ%3D%3D\">\n\t\t\t\t\t\t\t<img loading=\"lazy\" decoding=\"async\" width=\"1440\" height=\"1080\" src=\"https:\/\/flycheng.com\/wp-content\/uploads\/2025\/05\/IMG_6097.jpg\" class=\"attachment-full size-full wp-image-16023\" alt=\"\" srcset=\"https:\/\/flycheng.com\/wp-content\/uploads\/2025\/05\/IMG_6097.jpg 1440w, https:\/\/flycheng.com\/wp-content\/uploads\/2025\/05\/IMG_6097-300x225.jpg 300w, https:\/\/flycheng.com\/wp-content\/uploads\/2025\/05\/IMG_6097-1024x768.jpg 1024w, https:\/\/flycheng.com\/wp-content\/uploads\/2025\/05\/IMG_6097-768x576.jpg 768w\" sizes=\"(max-width: 1440px) 100vw, 1440px\" \/>\t\t\t\t\t\t\t\t<\/a>\n\t\t\t\t\t\t\t\t\t\t\t\t\t\t\t<\/div>\n\t\t\t\t<\/div>\n\t\t\t\t<\/div>\n\t\t\t\t\t<\/div>\n\t\t\t\t<\/div>\n\t\t<div class=\"elementor-element elementor-element-1a61324 e-flex e-con-boxed e-con e-parent\" data-id=\"1a61324\" data-element_type=\"container\">\n\t\t\t\t\t<div class=\"e-con-inner\">\n\t\t<div class=\"elementor-element elementor-element-0f62a1b e-con-full e-flex e-con e-child\" data-id=\"0f62a1b\" data-element_type=\"container\">\n\t\t\t\t<div class=\"elementor-element elementor-element-e8b237f elementor-widget elementor-widget-image\" data-id=\"e8b237f\" data-element_type=\"widget\" data-widget_type=\"image.default\">\n\t\t\t\t<div class=\"elementor-widget-container\">\n\t\t\t\t\t\t\t\t\t\t\t\t\t\t\t\t<a href=\"https:\/\/flycheng.com\/wp-content\/uploads\/2025\/05\/IMG_5803-e1747663380877.jpg\" data-elementor-open-lightbox=\"yes\" data-elementor-lightbox-title=\"IMG_5803\" data-e-action-hash=\"#elementor-action%3Aaction%3Dlightbox%26settings%3DeyJpZCI6MTYwNjYsInVybCI6Imh0dHBzOlwvXC9mbHljaGVuZy5jb21cL3dwLWNvbnRlbnRcL3VwbG9hZHNcLzIwMjVcLzA1XC9JTUdfNTgwMy1lMTc0NzY2MzM4MDg3Ny5qcGcifQ%3D%3D\">\n\t\t\t\t\t\t\t<img loading=\"lazy\" decoding=\"async\" width=\"1080\" height=\"862\" src=\"https:\/\/flycheng.com\/wp-content\/uploads\/2025\/05\/IMG_5803-e1747663380877.jpg\" class=\"attachment-full size-full wp-image-16066\" alt=\"\" srcset=\"https:\/\/flycheng.com\/wp-content\/uploads\/2025\/05\/IMG_5803-e1747663380877.jpg 1080w, https:\/\/flycheng.com\/wp-content\/uploads\/2025\/05\/IMG_5803-e1747663380877-300x239.jpg 300w, https:\/\/flycheng.com\/wp-content\/uploads\/2025\/05\/IMG_5803-e1747663380877-1024x817.jpg 1024w, https:\/\/flycheng.com\/wp-content\/uploads\/2025\/05\/IMG_5803-e1747663380877-768x613.jpg 768w, https:\/\/flycheng.com\/wp-content\/uploads\/2025\/05\/IMG_5803-e1747663380877-340x270.jpg 340w\" sizes=\"(max-width: 1080px) 100vw, 1080px\" \/>\t\t\t\t\t\t\t\t<\/a>\n\t\t\t\t\t\t\t\t\t\t\t\t\t\t\t<\/div>\n\t\t\t\t<\/div>\n\t\t\t\t<\/div>\n\t\t<div class=\"elementor-element elementor-element-45d98d4 e-con-full e-flex e-con e-child\" data-id=\"45d98d4\" data-element_type=\"container\" data-settings=\"{&quot;background_background&quot;:&quot;classic&quot;}\">\n\t\t<div class=\"elementor-element elementor-element-22d6dd1 e-con-full e-flex e-con e-child\" data-id=\"22d6dd1\" data-element_type=\"container\">\n\t\t\t\t<div class=\"elementor-element elementor-element-3f9254b elementor-widget elementor-widget-heading\" data-id=\"3f9254b\" data-element_type=\"widget\" data-widget_type=\"heading.default\">\n\t\t\t\t<div class=\"elementor-widget-container\">\n\t\t\t\t\t<h2 class=\"elementor-heading-title elementor-size-default\">Qualit\u00e4tskontrolle vor der Auslieferung<\/h2>\t\t\t\t<\/div>\n\t\t\t\t<\/div>\n\t\t\t\t<div class=\"elementor-element elementor-element-9ba90b0 elementor-widget elementor-widget-text-editor\" data-id=\"9ba90b0\" data-element_type=\"widget\" data-widget_type=\"text-editor.default\">\n\t\t\t\t<div class=\"elementor-widget-container\">\n\t\t\t\t\t\t\t\t\t<p>Unsere gewerblichen und industriellen Eismaschinen werden strengen Tests unterzogen und sind CE-zertifiziert, um sichere und zuverl\u00e4ssige Qualit\u00e4t zu gew\u00e4hrleisten. Die Maschinen sind komplett aus Edelstahl gefertigt, wodurch sie langlebig und f\u00fcr eine Vielzahl von anspruchsvollen Umgebungen geeignet sind.<\/p>\t\t\t\t\t\t\t\t<\/div>\n\t\t\t\t<\/div>\n\t\t\t\t<\/div>\n\t\t\t\t<\/div>\n\t\t\t\t\t<\/div>\n\t\t\t\t<\/div>\n\t\t<div class=\"elementor-element elementor-element-d71cb1b e-flex e-con-boxed e-con e-parent\" data-id=\"d71cb1b\" data-element_type=\"container\">\n\t\t\t\t\t<div class=\"e-con-inner\">\n\t\t<div class=\"elementor-element elementor-element-e5087f4 e-con-full e-flex e-con e-child\" data-id=\"e5087f4\" data-element_type=\"container\" data-settings=\"{&quot;background_background&quot;:&quot;classic&quot;}\">\n\t\t<div class=\"elementor-element elementor-element-ee5e79b e-con-full e-flex e-con e-child\" data-id=\"ee5e79b\" data-element_type=\"container\">\n\t\t\t\t<div class=\"elementor-element elementor-element-0fbde20 elementor-widget elementor-widget-heading\" data-id=\"0fbde20\" data-element_type=\"widget\" data-widget_type=\"heading.default\">\n\t\t\t\t<div class=\"elementor-widget-container\">\n\t\t\t\t\t<h2 class=\"elementor-heading-title elementor-size-default\">Stabile logistische Zusammenarbeit<\/h2>\t\t\t\t<\/div>\n\t\t\t\t<\/div>\n\t\t\t\t<div class=\"elementor-element elementor-element-817008c elementor-widget elementor-widget-text-editor\" data-id=\"817008c\" data-element_type=\"widget\" data-widget_type=\"text-editor.default\">\n\t\t\t\t<div class=\"elementor-widget-container\">\n\t\t\t\t\t\t\t\t\t<p>FlyCheng verwendet f\u00fcr die Verpackung stabile Kartons, die innen mit Plastikfolie und in den Zwischenr\u00e4umen mit Schaumstoff ausgekleidet sind, um Sch\u00e4den an der Maschine zu vermeiden.<\/p><p>Unterst\u00fctzt verschiedene Zahlungsarten, wenn Sie Schwierigkeiten mit der Zollabfertigung haben, k\u00f6nnen wir Ihnen auch dabei helfen.<\/p>\t\t\t\t\t\t\t\t<\/div>\n\t\t\t\t<\/div>\n\t\t\t\t<\/div>\n\t\t\t\t<\/div>\n\t\t<div class=\"elementor-element elementor-element-7a500de e-con-full e-flex e-con e-child\" data-id=\"7a500de\" data-element_type=\"container\">\n\t\t\t\t<div class=\"elementor-element elementor-element-52ec535 elementor-widget elementor-widget-image\" data-id=\"52ec535\" data-element_type=\"widget\" data-widget_type=\"image.default\">\n\t\t\t\t<div class=\"elementor-widget-container\">\n\t\t\t\t\t\t\t\t\t\t\t\t\t\t\t\t<a href=\"https:\/\/flycheng.com\/wp-content\/uploads\/2025\/05\/IMG_5566-e1751446859406.jpg\" data-elementor-open-lightbox=\"yes\" data-elementor-lightbox-title=\"IMG_5566\" data-e-action-hash=\"#elementor-action%3Aaction%3Dlightbox%26settings%3DeyJpZCI6MTYwNjMsInVybCI6Imh0dHBzOlwvXC9mbHljaGVuZy5jb21cL3dwLWNvbnRlbnRcL3VwbG9hZHNcLzIwMjVcLzA1XC9JTUdfNTU2Ni1lMTc1MTQ0Njg1OTQwNi5qcGcifQ%3D%3D\">\n\t\t\t\t\t\t\t<img loading=\"lazy\" decoding=\"async\" width=\"666\" height=\"577\" src=\"https:\/\/flycheng.com\/wp-content\/uploads\/2025\/05\/IMG_5566-e1751446859406.jpg\" class=\"attachment-full size-full wp-image-16063\" alt=\"\" srcset=\"https:\/\/flycheng.com\/wp-content\/uploads\/2025\/05\/IMG_5566-e1751446859406.jpg 666w, https:\/\/flycheng.com\/wp-content\/uploads\/2025\/05\/IMG_5566-e1751446859406-300x260.jpg 300w, https:\/\/flycheng.com\/wp-content\/uploads\/2025\/05\/IMG_5566-e1751446859406-80x68.jpg 80w\" sizes=\"(max-width: 666px) 100vw, 666px\" \/>\t\t\t\t\t\t\t\t<\/a>\n\t\t\t\t\t\t\t\t\t\t\t\t\t\t\t<\/div>\n\t\t\t\t<\/div>\n\t\t\t\t<\/div>\n\t\t\t\t\t<\/div>\n\t\t\t\t<\/div>\n\t\t\t\t<\/div>","protected":false},"excerpt":{"rendered":"<p>24\/7 Service We provide 24-hour online service to guide you do the maintenance Global Partners Find partners worldwide, analyze local markets, and expand your business. Free Parts Available Replacement parts covered under warranty are free of charge. Fast delivery and sufficient stock. OEM Your Brand FlyCheng helps new brand to make their logo and design,&#8230;<\/p>","protected":false},"author":1,"featured_media":0,"parent":0,"menu_order":9,"comment_status":"closed","ping_status":"closed","template":"","meta":{"_acf_changed":false,"footnotes":""},"class_list":["post-13468","page","type-page","status-publish","hentry"],"acf":[],"_links":{"self":[{"href":"https:\/\/flycheng.com\/de\/wp-json\/wp\/v2\/pages\/13468","targetHints":{"allow":["GET"]}}],"collection":[{"href":"https:\/\/flycheng.com\/de\/wp-json\/wp\/v2\/pages"}],"about":[{"href":"https:\/\/flycheng.com\/de\/wp-json\/wp\/v2\/types\/page"}],"author":[{"embeddable":true,"href":"https:\/\/flycheng.com\/de\/wp-json\/wp\/v2\/users\/1"}],"replies":[{"embeddable":true,"href":"https:\/\/flycheng.com\/de\/wp-json\/wp\/v2\/comments?post=13468"}],"version-history":[{"count":93,"href":"https:\/\/flycheng.com\/de\/wp-json\/wp\/v2\/pages\/13468\/revisions"}],"predecessor-version":[{"id":16367,"href":"https:\/\/flycheng.com\/de\/wp-json\/wp\/v2\/pages\/13468\/revisions\/16367"}],"wp:attachment":[{"href":"https:\/\/flycheng.com\/de\/wp-json\/wp\/v2\/media?parent=13468"}],"curies":[{"name":"wp","href":"https:\/\/api.w.org\/{rel}","templated":true}]}}